{"id":15743,"date":"2026-01-29T16:36:00","date_gmt":"2026-01-29T20:36:00","guid":{"rendered":"https:\/\/arionbaroque.com\/?page_id=15743"},"modified":"2026-01-30T12:30:18","modified_gmt":"2026-01-30T16:30:18","slug":"private-partners","status":"publish","type":"page","link":"https:\/\/arionbaroque.com\/en\/private-partners\/","title":{"rendered":"Private partners"},"content":{"rendered":"\t\t<div data-elementor-type=\"wp-page\" data-elementor-id=\"15743\" class=\"elementor elementor-15743\" data-elementor-post-type=\"page\">\n\t\t\t\t\t\t<section class=\"elementor-section elementor-top-section elementor-element elementor-element-3940f53 elementor-section-height-min-height elementor-section-boxed elementor-section-height-default elementor-section-items-middle\" data-id=\"3940f53\" data-element_type=\"section\" data-e-type=\"section\" data-settings=\"{&quot;background_background&quot;:&quot;classic&quot;,&quot;motion_fx_motion_fx_scrolling&quot;:&quot;yes&quot;,&quot;animation&quot;:&quot;none&quot;,&quot;motion_fx_devices&quot;:[&quot;desktop&quot;,&quot;tablet&quot;,&quot;mobile&quot;]}\">\n\t\t\t\t\t\t\t<div class=\"elementor-background-overlay\"><\/div>\n\t\t\t\t\t\t\t<div class=\"elementor-container elementor-column-gap-default\">\n\t\t\t\t\t<div class=\"elementor-column elementor-col-100 elementor-top-column elementor-element elementor-element-e324f58\" data-id=\"e324f58\" data-element_type=\"column\" data-e-type=\"column\">\n\t\t\t<div class=\"elementor-widget-wrap elementor-element-populated\">\n\t\t\t\t\t\t<div class=\"elementor-element elementor-element-db0ae40 elementor-widget elementor-widget-heading\" data-id=\"db0ae40\" data-element_type=\"widget\" data-e-type=\"widget\" data-widget_type=\"heading.default\">\n\t\t\t\t<div class=\"elementor-widget-container\">\n\t\t\t\t\t<h1 class=\"elementor-heading-title elementor-size-default\">our private partners<\/h1>\t\t\t\t<\/div>\n\t\t\t\t<\/div>\n\t\t\t\t\t<\/div>\n\t\t<\/div>\n\t\t\t\t\t<\/div>\n\t\t<\/section>\n\t\t\t\t<section class=\"elementor-section elementor-top-section elementor-element elementor-element-8858606 elementor-reverse-tablet elementor-reverse-mobile elementor-section-boxed elementor-section-height-default elementor-section-height-default\" data-id=\"8858606\" data-element_type=\"section\" data-e-type=\"section\">\n\t\t\t\t\t\t<div class=\"elementor-container elementor-column-gap-default\">\n\t\t\t\t\t<div class=\"elementor-column elementor-col-100 elementor-top-column elementor-element elementor-element-3a0b1e1\" data-id=\"3a0b1e1\" data-element_type=\"column\" data-e-type=\"column\">\n\t\t\t<div class=\"elementor-widget-wrap elementor-element-populated\">\n\t\t\t\t\t\t<div class=\"elementor-element elementor-element-7cf63d9 elementor-widget elementor-widget-heading\" data-id=\"7cf63d9\" data-element_type=\"widget\" data-e-type=\"widget\" data-widget_type=\"heading.default\">\n\t\t\t\t<div class=\"elementor-widget-container\">\n\t\t\t\t\t<h1 class=\"elementor-heading-title elementor-size-default\">A valuable commitment that contributes directly to the vitality of our organisation<\/h1>\t\t\t\t<\/div>\n\t\t\t\t<\/div>\n\t\t\t\t<div class=\"elementor-element elementor-element-15cd094 elementor-widget elementor-widget-spacer\" data-id=\"15cd094\" data-element_type=\"widget\" data-e-type=\"widget\" data-widget_type=\"spacer.default\">\n\t\t\t\t<div class=\"elementor-widget-container\">\n\t\t\t\t\t\t\t<div class=\"elementor-spacer\">\n\t\t\t<div class=\"elementor-spacer-inner\"><\/div>\n\t\t<\/div>\n\t\t\t\t\t\t<\/div>\n\t\t\t\t<\/div>\n\t\t\t\t<div class=\"elementor-element elementor-element-add1b9b header-divider elementor-widget__width-initial elementor-widget-divider--view-line elementor-widget elementor-widget-divider\" data-id=\"add1b9b\" data-element_type=\"widget\" data-e-type=\"widget\" data-widget_type=\"divider.default\">\n\t\t\t\t<div class=\"elementor-widget-container\">\n\t\t\t\t\t\t\t<div class=\"elementor-divider\">\n\t\t\t<span class=\"elementor-divider-separator\">\n\t\t\t\t\t\t<\/span>\n\t\t<\/div>\n\t\t\t\t\t\t<\/div>\n\t\t\t\t<\/div>\n\t\t\t\t\t<\/div>\n\t\t<\/div>\n\t\t\t\t\t<\/div>\n\t\t<\/section>\n\t\t\t\t<section class=\"elementor-section elementor-top-section elementor-element elementor-element-c2e2e74 elementor-reverse-tablet elementor-reverse-mobile elementor-section-boxed elementor-section-height-default elementor-section-height-default\" data-id=\"c2e2e74\" data-element_type=\"section\" data-e-type=\"section\">\n\t\t\t\t\t\t<div class=\"elementor-container elementor-column-gap-default\">\n\t\t\t\t\t<div class=\"elementor-column elementor-col-50 elementor-top-column elementor-element elementor-element-a78604c\" data-id=\"a78604c\" data-element_type=\"column\" data-e-type=\"column\">\n\t\t\t<div class=\"elementor-widget-wrap elementor-element-populated\">\n\t\t\t\t\t\t<div class=\"elementor-element elementor-element-b7776ce elementor-widget elementor-widget-heading\" data-id=\"b7776ce\" data-element_type=\"widget\" data-e-type=\"widget\" data-widget_type=\"heading.default\">\n\t\t\t\t<div class=\"elementor-widget-container\">\n\t\t\t\t\t<h2 class=\"elementor-heading-title elementor-size-default\">Fondation Bouchard<\/h2>\t\t\t\t<\/div>\n\t\t\t\t<\/div>\n\t\t\t\t<div class=\"elementor-element elementor-element-e0cad8c header-divider elementor-widget__width-initial elementor-widget-divider--view-line elementor-widget elementor-widget-divider\" data-id=\"e0cad8c\" data-element_type=\"widget\" data-e-type=\"widget\" data-widget_type=\"divider.default\">\n\t\t\t\t<div class=\"elementor-widget-container\">\n\t\t\t\t\t\t\t<div class=\"elementor-divider\">\n\t\t\t<span class=\"elementor-divider-separator\">\n\t\t\t\t\t\t<\/span>\n\t\t<\/div>\n\t\t\t\t\t\t<\/div>\n\t\t\t\t<\/div>\n\t\t\t\t<div class=\"elementor-element elementor-element-affb02c elementor-widget elementor-widget-heading\" data-id=\"affb02c\" data-element_type=\"widget\" data-e-type=\"widget\" data-widget_type=\"heading.default\">\n\t\t\t\t<div class=\"elementor-widget-container\">\n\t\t\t\t\t<p class=\"elementor-heading-title elementor-size-default\">Arion Baroque Orchestra would like to express its gratitude for the generous support of the Sandra and Alain Bouchard Foundation, whose commitment to youth resonates deeply with our mission. Thanks to their support, we are able to offer young musicians and music lovers unique opportunities to discover, learn and flourish through baroque music.&nbsp;<br><br>Their contribution brings to life projects that open doors: educational workshops, privileged access to rehearsals, meetings with artists, and initiatives that encourage the participation of young people from diverse backgrounds. Together, we believe that music can spark curiosity, nurture creativity and support the development of future generations.<\/p>\t\t\t\t<\/div>\n\t\t\t\t<\/div>\n\t\t\t\t\t<\/div>\n\t\t<\/div>\n\t\t\t\t<div class=\"elementor-column elementor-col-50 elementor-top-column elementor-element elementor-element-26287ec\" data-id=\"26287ec\" data-element_type=\"column\" data-e-type=\"column\">\n\t\t\t<div class=\"elementor-widget-wrap elementor-element-populated\">\n\t\t\t\t\t\t<div class=\"elementor-element elementor-element-14a39b8 elementor-widget elementor-widget-image\" data-id=\"14a39b8\" data-element_type=\"widget\" data-e-type=\"widget\" data-widget_type=\"image.default\">\n\t\t\t\t<div class=\"elementor-widget-container\">\n\t\t\t\t\t\t\t\t\t\t\t\t\t\t\t\t<a href=\"https:\/\/fondationbouchard.com\/\" target=\"_blank\">\n\t\t\t\t\t\t\t<img fetchpriority=\"high\" decoding=\"async\" width=\"800\" height=\"271\" src=\"https:\/\/arionbaroque.com\/wp-content\/uploads\/2026\/01\/LOGO_FSAB_FR_C_RGB_LR.png\" class=\"attachment-full size-full wp-image-15806\" alt=\"\" srcset=\"https:\/\/arionbaroque.com\/wp-content\/uploads\/2026\/01\/LOGO_FSAB_FR_C_RGB_LR.png 800w, https:\/\/arionbaroque.com\/wp-content\/uploads\/2026\/01\/LOGO_FSAB_FR_C_RGB_LR-300x102.png 300w, https:\/\/arionbaroque.com\/wp-content\/uploads\/2026\/01\/LOGO_FSAB_FR_C_RGB_LR-768x260.png 768w\" sizes=\"(max-width: 800px) 100vw, 800px\" \/>\t\t\t\t\t\t\t\t<\/a>\n\t\t\t\t\t\t\t\t\t\t\t\t\t\t\t<\/div>\n\t\t\t\t<\/div>\n\t\t\t\t\t<\/div>\n\t\t<\/div>\n\t\t\t\t\t<\/div>\n\t\t<\/section>\n\t\t<div class=\"elementor-element elementor-element-7a7d0fa e-flex e-con-boxed e-con e-parent\" data-id=\"7a7d0fa\" data-element_type=\"container\" data-e-type=\"container\">\n\t\t\t\t\t<div class=\"e-con-inner\">\n\t\t\t\t<div class=\"elementor-element elementor-element-f6bdf88 header-divider-center elementor-widget__width-inherit elementor-widget-divider--view-line elementor-widget elementor-widget-divider\" data-id=\"f6bdf88\" data-element_type=\"widget\" data-e-type=\"widget\" data-widget_type=\"divider.default\">\n\t\t\t\t<div class=\"elementor-widget-container\">\n\t\t\t\t\t\t\t<div class=\"elementor-divider\">\n\t\t\t<span class=\"elementor-divider-separator\">\n\t\t\t\t\t\t<\/span>\n\t\t<\/div>\n\t\t\t\t\t\t<\/div>\n\t\t\t\t<\/div>\n\t\t\t\t\t<\/div>\n\t\t\t\t<\/div>\n\t\t\t\t<section class=\"elementor-section elementor-top-section elementor-element elementor-element-293e1a5 elementor-reverse-tablet elementor-reverse-mobile elementor-section-boxed elementor-section-height-default elementor-section-height-default\" data-id=\"293e1a5\" data-element_type=\"section\" data-e-type=\"section\">\n\t\t\t\t\t\t<div class=\"elementor-container elementor-column-gap-default\">\n\t\t\t\t\t<div class=\"elementor-column elementor-col-50 elementor-top-column elementor-element elementor-element-36de0a2\" data-id=\"36de0a2\" data-element_type=\"column\" data-e-type=\"column\">\n\t\t\t<div class=\"elementor-widget-wrap elementor-element-populated\">\n\t\t\t\t\t\t<div class=\"elementor-element elementor-element-5421489 elementor-widget elementor-widget-image\" data-id=\"5421489\" data-element_type=\"widget\" data-e-type=\"widget\" data-widget_type=\"image.default\">\n\t\t\t\t<div class=\"elementor-widget-container\">\n\t\t\t\t\t\t\t\t\t\t\t\t\t\t\t\t<a href=\"https:\/\/www.fondationinlb.org\/\" target=\"_blank\">\n\t\t\t\t\t\t\t<img decoding=\"async\" width=\"580\" height=\"62\" src=\"https:\/\/arionbaroque.com\/wp-content\/uploads\/2026\/01\/LOGO_Fondation_INLB_2025.jpg\" class=\"attachment-full size-full wp-image-15945\" alt=\"\" srcset=\"https:\/\/arionbaroque.com\/wp-content\/uploads\/2026\/01\/LOGO_Fondation_INLB_2025.jpg 580w, https:\/\/arionbaroque.com\/wp-content\/uploads\/2026\/01\/LOGO_Fondation_INLB_2025-300x32.jpg 300w\" sizes=\"(max-width: 580px) 100vw, 580px\" \/>\t\t\t\t\t\t\t\t<\/a>\n\t\t\t\t\t\t\t\t\t\t\t\t\t\t\t<\/div>\n\t\t\t\t<\/div>\n\t\t\t\t\t<\/div>\n\t\t<\/div>\n\t\t\t\t<div class=\"elementor-column elementor-col-50 elementor-top-column elementor-element elementor-element-4c978f4\" data-id=\"4c978f4\" data-element_type=\"column\" data-e-type=\"column\">\n\t\t\t<div class=\"elementor-widget-wrap elementor-element-populated\">\n\t\t\t\t\t\t<div class=\"elementor-element elementor-element-0fdbe4c elementor-widget elementor-widget-heading\" data-id=\"0fdbe4c\" data-element_type=\"widget\" data-e-type=\"widget\" data-widget_type=\"heading.default\">\n\t\t\t\t<div class=\"elementor-widget-container\">\n\t\t\t\t\t<h2 class=\"elementor-heading-title elementor-size-default\">Fondation de l'Institut Nazareth et Louis-Braille \u2013 INLB<\/h2>\t\t\t\t<\/div>\n\t\t\t\t<\/div>\n\t\t\t\t<div class=\"elementor-element elementor-element-b7d4af6 header-divider elementor-widget__width-initial elementor-widget-divider--view-line elementor-widget elementor-widget-divider\" data-id=\"b7d4af6\" data-element_type=\"widget\" data-e-type=\"widget\" data-widget_type=\"divider.default\">\n\t\t\t\t<div class=\"elementor-widget-container\">\n\t\t\t\t\t\t\t<div class=\"elementor-divider\">\n\t\t\t<span class=\"elementor-divider-separator\">\n\t\t\t\t\t\t<\/span>\n\t\t<\/div>\n\t\t\t\t\t\t<\/div>\n\t\t\t\t<\/div>\n\t\t\t\t<div class=\"elementor-element elementor-element-9e6e051 elementor-widget elementor-widget-heading\" data-id=\"9e6e051\" data-element_type=\"widget\" data-e-type=\"widget\" data-widget_type=\"heading.default\">\n\t\t\t\t<div class=\"elementor-widget-container\">\n\t\t\t\t\t<p class=\"elementor-heading-title elementor-size-default\">This year, the INLB Foundation donated nearly $75,000 through its organizational support programme to fund initiatives aimed at improving the lives of people with visual impairments. Thanks to this support, a variety of projects are coming to life: making music and theatre more accessible, offering adapted sports activities, and providing essential support services. Together, these actions contribute to a more inclusive, vibrant and supportive community.&nbsp;<br><br>Arion Baroque Orchestra is deeply grateful to be among the organisations supported this year, alongside the Association sportive des aveugles du Montr\u00e9al m\u00e9tropolitain, the Maison qu\u00e9b\u00e9coise du th\u00e9\u00e2tre pour l'enfance et la jeunesse, the Th\u00e9\u00e2tre du Rideau Vert and the Regroupement des aveugles et amblyopes du Montr\u00e9al m\u00e9tropolitain.<\/p>\t\t\t\t<\/div>\n\t\t\t\t<\/div>\n\t\t\t\t\t<\/div>\n\t\t<\/div>\n\t\t\t\t\t<\/div>\n\t\t<\/section>\n\t\t<div class=\"elementor-element elementor-element-7e6ce25 e-flex e-con-boxed e-con e-parent\" data-id=\"7e6ce25\" data-element_type=\"container\" data-e-type=\"container\">\n\t\t\t\t\t<div class=\"e-con-inner\">\n\t\t\t\t<div class=\"elementor-element elementor-element-a2f798c elementor-widget elementor-widget-spacer\" data-id=\"a2f798c\" data-element_type=\"widget\" data-e-type=\"widget\" data-widget_type=\"spacer.default\">\n\t\t\t\t<div class=\"elementor-widget-container\">\n\t\t\t\t\t\t\t<div class=\"elementor-spacer\">\n\t\t\t<div class=\"elementor-spacer-inner\"><\/div>\n\t\t<\/div>\n\t\t\t\t\t\t<\/div>\n\t\t\t\t<\/div>\n\t\t\t\t<div class=\"elementor-element elementor-element-adc9c17 header-divider-center elementor-widget__width-inherit elementor-widget-divider--view-line elementor-widget elementor-widget-divider\" data-id=\"adc9c17\" data-element_type=\"widget\" data-e-type=\"widget\" data-widget_type=\"divider.default\">\n\t\t\t\t<div class=\"elementor-widget-container\">\n\t\t\t\t\t\t\t<div class=\"elementor-divider\">\n\t\t\t<span class=\"elementor-divider-separator\">\n\t\t\t\t\t\t<\/span>\n\t\t<\/div>\n\t\t\t\t\t\t<\/div>\n\t\t\t\t<\/div>\n\t\t\t\t\t<\/div>\n\t\t\t\t<\/div>\n\t\t\t\t<section class=\"elementor-section elementor-top-section elementor-element elementor-element-d535da4 elementor-reverse-tablet elementor-reverse-mobile elementor-section-boxed elementor-section-height-default elementor-section-height-default\" data-id=\"d535da4\" data-element_type=\"section\" data-e-type=\"section\">\n\t\t\t\t\t\t<div class=\"elementor-container elementor-column-gap-default\">\n\t\t\t\t\t<div class=\"elementor-column elementor-col-50 elementor-top-column elementor-element elementor-element-d82576e\" data-id=\"d82576e\" data-element_type=\"column\" data-e-type=\"column\">\n\t\t\t<div class=\"elementor-widget-wrap elementor-element-populated\">\n\t\t\t\t\t\t<div class=\"elementor-element elementor-element-a1887d5 elementor-widget elementor-widget-heading\" data-id=\"a1887d5\" data-element_type=\"widget\" data-e-type=\"widget\" data-widget_type=\"heading.default\">\n\t\t\t\t<div class=\"elementor-widget-container\">\n\t\t\t\t\t<h2 class=\"elementor-heading-title elementor-size-default\">Arion Foundation<\/h2>\t\t\t\t<\/div>\n\t\t\t\t<\/div>\n\t\t\t\t<div class=\"elementor-element elementor-element-a1e050d header-divider elementor-widget__width-initial elementor-widget-divider--view-line elementor-widget elementor-widget-divider\" data-id=\"a1e050d\" data-element_type=\"widget\" data-e-type=\"widget\" data-widget_type=\"divider.default\">\n\t\t\t\t<div class=\"elementor-widget-container\">\n\t\t\t\t\t\t\t<div class=\"elementor-divider\">\n\t\t\t<span class=\"elementor-divider-separator\">\n\t\t\t\t\t\t<\/span>\n\t\t<\/div>\n\t\t\t\t\t\t<\/div>\n\t\t\t\t<\/div>\n\t\t\t\t<div class=\"elementor-element elementor-element-45073ba elementor-widget elementor-widget-heading\" data-id=\"45073ba\" data-element_type=\"widget\" data-e-type=\"widget\" data-widget_type=\"heading.default\">\n\t\t\t\t<div class=\"elementor-widget-container\">\n\t\t\t\t\t<p class=\"elementor-heading-title elementor-size-default\"><span>The Arion Foundation is committed to providing ongoing support to the Arion Baroque Orchestra, enabling it to present electrifying performances, make music accessible to all, develop its educational projects and nurture the next generation of musicians.&nbsp;&nbsp;&nbsp;<\/span><br><br><span>The Arion Foundation was created in 2005 on the initiative of Arion's Board of Directors, then chaired by Suzanne Masson.&nbsp; Since 2009, Mr. Fran\u00e7ois Mongrain has been President of the Foundation, guiding its initiatives and growth.&nbsp;&nbsp;&nbsp;&nbsp;<\/span><br><br><span>In 2019, the Foundation created the Claire Guimond Perpetuity Fund to support the orchestra's financial stability and long-term success. This shows the Foundation's commitment to preserving the Arion Baroque Orchestra's legacy and its important contributions to culture, notably to Montreal's cultural life.&nbsp;<\/span><span><\/span><\/p>\t\t\t\t<\/div>\n\t\t\t\t<\/div>\n\t\t\t\t\t<\/div>\n\t\t<\/div>\n\t\t\t\t<div class=\"elementor-column elementor-col-50 elementor-top-column elementor-element elementor-element-4785b4d\" data-id=\"4785b4d\" data-element_type=\"column\" data-e-type=\"column\">\n\t\t\t<div class=\"elementor-widget-wrap elementor-element-populated\">\n\t\t\t\t\t\t<div class=\"elementor-element elementor-element-cde1d0b elementor-widget elementor-widget-image\" data-id=\"cde1d0b\" data-element_type=\"widget\" data-e-type=\"widget\" data-widget_type=\"image.default\">\n\t\t\t\t<div class=\"elementor-widget-container\">\n\t\t\t\t\t\t\t\t\t\t\t\t\t\t\t<img decoding=\"async\" width=\"1320\" height=\"529\" src=\"https:\/\/arionbaroque.com\/wp-content\/uploads\/2026\/01\/arion-fondation-moyen-nb-en.jpg\" class=\"attachment-full size-full wp-image-15829\" alt=\"\" srcset=\"https:\/\/arionbaroque.com\/wp-content\/uploads\/2026\/01\/arion-fondation-moyen-nb-en.jpg 1320w, https:\/\/arionbaroque.com\/wp-content\/uploads\/2026\/01\/arion-fondation-moyen-nb-en-300x120.jpg 300w, https:\/\/arionbaroque.com\/wp-content\/uploads\/2026\/01\/arion-fondation-moyen-nb-en-1024x410.jpg 1024w, https:\/\/arionbaroque.com\/wp-content\/uploads\/2026\/01\/arion-fondation-moyen-nb-en-768x308.jpg 768w\" sizes=\"(max-width: 1320px) 100vw, 1320px\" \/>\t\t\t\t\t\t\t\t\t\t\t\t\t\t\t<\/div>\n\t\t\t\t<\/div>\n\t\t\t\t\t<\/div>\n\t\t<\/div>\n\t\t\t\t\t<\/div>\n\t\t<\/section>\n\t\t\t\t<\/div>\n\t\t","protected":false},"excerpt":{"rendered":"<p>our private partners A valuable commitment that contributes directly to the vitality of our organisation Fondation Bouchard Arion Baroque Orchestra would like to express its gratitude for the generous support of the Sandra and Alain Bouchard Foundation, whose commitment to youth resonates deeply with our mission. Thanks to their support,<span class=\"more-dots\">&#8230;<\/span> <span class=\"more-tag\"><a class=\"more-link\" href=\"https:\/\/arionbaroque.com\/en\/private-partners\/\">Read More<span class=\"screen-reader-text\"> \"Private partners\"<\/span><\/a><\/span><!-- .more-tag --><\/p>\n","protected":false},"author":2,"featured_media":0,"parent":0,"menu_order":0,"comment_status":"closed","ping_status":"closed","template":"page-templates\/full-width.php","meta":{"_acf_changed":false,"footnotes":""},"class_list":["post-15743","page","type-page","status-publish","hentry"],"acf":[],"_links":{"self":[{"href":"https:\/\/arionbaroque.com\/en\/wp-json\/wp\/v2\/pages\/15743","targetHints":{"allow":["GET"]}}],"collection":[{"href":"https:\/\/arionbaroque.com\/en\/wp-json\/wp\/v2\/pages"}],"about":[{"href":"https:\/\/arionbaroque.com\/en\/wp-json\/wp\/v2\/types\/page"}],"author":[{"embeddable":true,"href":"https:\/\/arionbaroque.com\/en\/wp-json\/wp\/v2\/users\/2"}],"replies":[{"embeddable":true,"href":"https:\/\/arionbaroque.com\/en\/wp-json\/wp\/v2\/comments?post=15743"}],"version-history":[{"count":34,"href":"https:\/\/arionbaroque.com\/en\/wp-json\/wp\/v2\/pages\/15743\/revisions"}],"predecessor-version":[{"id":15951,"href":"https:\/\/arionbaroque.com\/en\/wp-json\/wp\/v2\/pages\/15743\/revisions\/15951"}],"wp:attachment":[{"href":"https:\/\/arionbaroque.com\/en\/wp-json\/wp\/v2\/media?parent=15743"}],"curies":[{"name":"wp","href":"https:\/\/api.w.org\/{rel}","templated":true}]}}