{"id":15687,"date":"2026-01-29T11:26:52","date_gmt":"2026-01-29T15:26:52","guid":{"rendered":"https:\/\/arionbaroque.com\/?page_id=15687"},"modified":"2026-01-30T20:39:29","modified_gmt":"2026-01-31T00:39:29","slug":"partenaires-publics","status":"publish","type":"page","link":"https:\/\/arionbaroque.com\/fr\/partenaires-publics\/","title":{"rendered":"Partenaires publics"},"content":{"rendered":"\t\t<div data-elementor-type=\"wp-page\" data-elementor-id=\"15687\" class=\"elementor elementor-15687\" data-elementor-post-type=\"page\">\n\t\t\t\t\t\t<section class=\"elementor-section elementor-top-section elementor-element elementor-element-3940f53 elementor-section-height-min-height elementor-section-boxed elementor-section-height-default elementor-section-items-middle\" data-id=\"3940f53\" data-element_type=\"section\" data-e-type=\"section\" data-settings=\"{&quot;background_background&quot;:&quot;classic&quot;,&quot;motion_fx_motion_fx_scrolling&quot;:&quot;yes&quot;,&quot;animation&quot;:&quot;none&quot;,&quot;motion_fx_devices&quot;:[&quot;desktop&quot;,&quot;tablet&quot;,&quot;mobile&quot;]}\">\n\t\t\t\t\t\t\t<div class=\"elementor-background-overlay\"><\/div>\n\t\t\t\t\t\t\t<div class=\"elementor-container elementor-column-gap-default\">\n\t\t\t\t\t<div class=\"elementor-column elementor-col-100 elementor-top-column elementor-element elementor-element-e324f58\" data-id=\"e324f58\" data-element_type=\"column\" data-e-type=\"column\">\n\t\t\t<div class=\"elementor-widget-wrap elementor-element-populated\">\n\t\t\t\t\t\t<div class=\"elementor-element elementor-element-db0ae40 elementor-widget elementor-widget-heading\" data-id=\"db0ae40\" data-element_type=\"widget\" data-e-type=\"widget\" data-widget_type=\"heading.default\">\n\t\t\t\t<div class=\"elementor-widget-container\">\n\t\t\t\t\t<h1 class=\"elementor-heading-title elementor-size-default\">nos partenaires publics<\/h1>\t\t\t\t<\/div>\n\t\t\t\t<\/div>\n\t\t\t\t\t<\/div>\n\t\t<\/div>\n\t\t\t\t\t<\/div>\n\t\t<\/section>\n\t\t\t\t<section class=\"elementor-section elementor-top-section elementor-element elementor-element-8858606 elementor-reverse-tablet elementor-reverse-mobile elementor-section-boxed elementor-section-height-default elementor-section-height-default\" data-id=\"8858606\" data-element_type=\"section\" data-e-type=\"section\">\n\t\t\t\t\t\t<div class=\"elementor-container elementor-column-gap-default\">\n\t\t\t\t\t<div class=\"elementor-column elementor-col-100 elementor-top-column elementor-element elementor-element-3a0b1e1\" data-id=\"3a0b1e1\" data-element_type=\"column\" data-e-type=\"column\">\n\t\t\t<div class=\"elementor-widget-wrap elementor-element-populated\">\n\t\t\t\t\t\t<div class=\"elementor-element elementor-element-7cf63d9 elementor-widget elementor-widget-heading\" data-id=\"7cf63d9\" data-element_type=\"widget\" data-e-type=\"widget\" data-widget_type=\"heading.default\">\n\t\t\t\t<div class=\"elementor-widget-container\">\n\t\t\t\t\t<h1 class=\"elementor-heading-title elementor-size-default\">Un soutien essentiel permettant la r\u00e9alisation de notre mission culturelle<\/h1>\t\t\t\t<\/div>\n\t\t\t\t<\/div>\n\t\t\t\t<div class=\"elementor-element elementor-element-dd68c8f elementor-widget elementor-widget-spacer\" data-id=\"dd68c8f\" data-element_type=\"widget\" data-e-type=\"widget\" data-widget_type=\"spacer.default\">\n\t\t\t\t<div class=\"elementor-widget-container\">\n\t\t\t\t\t\t\t<div class=\"elementor-spacer\">\n\t\t\t<div class=\"elementor-spacer-inner\"><\/div>\n\t\t<\/div>\n\t\t\t\t\t\t<\/div>\n\t\t\t\t<\/div>\n\t\t\t\t<div class=\"elementor-element elementor-element-add1b9b header-divider elementor-widget__width-initial elementor-widget-divider--view-line elementor-widget elementor-widget-divider\" data-id=\"add1b9b\" data-element_type=\"widget\" data-e-type=\"widget\" data-widget_type=\"divider.default\">\n\t\t\t\t<div class=\"elementor-widget-container\">\n\t\t\t\t\t\t\t<div class=\"elementor-divider\">\n\t\t\t<span class=\"elementor-divider-separator\">\n\t\t\t\t\t\t<\/span>\n\t\t<\/div>\n\t\t\t\t\t\t<\/div>\n\t\t\t\t<\/div>\n\t\t\t\t\t<\/div>\n\t\t<\/div>\n\t\t\t\t\t<\/div>\n\t\t<\/section>\n\t\t\t\t<section class=\"elementor-section elementor-top-section elementor-element elementor-element-c2e2e74 elementor-reverse-tablet elementor-reverse-mobile elementor-section-boxed elementor-section-height-default elementor-section-height-default\" data-id=\"c2e2e74\" data-element_type=\"section\" data-e-type=\"section\">\n\t\t\t\t\t\t<div class=\"elementor-container elementor-column-gap-default\">\n\t\t\t\t\t<div class=\"elementor-column elementor-col-50 elementor-top-column elementor-element elementor-element-26287ec\" data-id=\"26287ec\" data-element_type=\"column\" data-e-type=\"column\">\n\t\t\t<div class=\"elementor-widget-wrap elementor-element-populated\">\n\t\t\t\t\t\t<div class=\"elementor-element elementor-element-14a39b8 elementor-widget elementor-widget-image\" data-id=\"14a39b8\" data-element_type=\"widget\" data-e-type=\"widget\" data-widget_type=\"image.default\">\n\t\t\t\t<div class=\"elementor-widget-container\">\n\t\t\t\t\t\t\t\t\t\t\t\t\t\t\t\t<a href=\"https:\/\/www.calq.gouv.qc.ca\/\" target=\"_blank\">\n\t\t\t\t\t\t\t<img fetchpriority=\"high\" decoding=\"async\" width=\"1350\" height=\"600\" src=\"https:\/\/arionbaroque.com\/wp-content\/uploads\/2026\/01\/Calq_noir.png\" class=\"attachment-full size-full wp-image-15694\" alt=\"\" srcset=\"https:\/\/arionbaroque.com\/wp-content\/uploads\/2026\/01\/Calq_noir.png 1350w, https:\/\/arionbaroque.com\/wp-content\/uploads\/2026\/01\/Calq_noir-300x133.png 300w, https:\/\/arionbaroque.com\/wp-content\/uploads\/2026\/01\/Calq_noir-1024x455.png 1024w, https:\/\/arionbaroque.com\/wp-content\/uploads\/2026\/01\/Calq_noir-768x341.png 768w\" sizes=\"(max-width: 1350px) 100vw, 1350px\" \/>\t\t\t\t\t\t\t\t<\/a>\n\t\t\t\t\t\t\t\t\t\t\t\t\t\t\t<\/div>\n\t\t\t\t<\/div>\n\t\t\t\t\t<\/div>\n\t\t<\/div>\n\t\t\t\t<div class=\"elementor-column elementor-col-50 elementor-top-column elementor-element elementor-element-a78604c\" data-id=\"a78604c\" data-element_type=\"column\" data-e-type=\"column\">\n\t\t\t<div class=\"elementor-widget-wrap elementor-element-populated\">\n\t\t\t\t\t\t<div class=\"elementor-element elementor-element-b7776ce elementor-widget elementor-widget-heading\" data-id=\"b7776ce\" data-element_type=\"widget\" data-e-type=\"widget\" data-widget_type=\"heading.default\">\n\t\t\t\t<div class=\"elementor-widget-container\">\n\t\t\t\t\t<h2 class=\"elementor-heading-title elementor-size-default\">Conseil des arts et des lettres du Qu\u00e9bec \u2013 CALQ <\/h2>\t\t\t\t<\/div>\n\t\t\t\t<\/div>\n\t\t\t\t<div class=\"elementor-element elementor-element-e0cad8c header-divider elementor-widget__width-initial elementor-widget-divider--view-line elementor-widget elementor-widget-divider\" data-id=\"e0cad8c\" data-element_type=\"widget\" data-e-type=\"widget\" data-widget_type=\"divider.default\">\n\t\t\t\t<div class=\"elementor-widget-container\">\n\t\t\t\t\t\t\t<div class=\"elementor-divider\">\n\t\t\t<span class=\"elementor-divider-separator\">\n\t\t\t\t\t\t<\/span>\n\t\t<\/div>\n\t\t\t\t\t\t<\/div>\n\t\t\t\t<\/div>\n\t\t\t\t<div class=\"elementor-element elementor-element-affb02c elementor-widget elementor-widget-heading\" data-id=\"affb02c\" data-element_type=\"widget\" data-e-type=\"widget\" data-widget_type=\"heading.default\">\n\t\t\t\t<div class=\"elementor-widget-container\">\n\t\t\t\t\t<p class=\"elementor-heading-title elementor-size-default\">Le Conseil des arts et des lettres du Qu\u00e9bec investit dans l\u2019imaginaire et c\u00e9l\u00e8bre les succ\u00e8s de celles et ceux qui cr\u00e9ent des \u0153uvres marquantes, qui forgent notre identit\u00e9 culturelle et la font rayonner.\n\nDans une perspective de d\u00e9veloppement artistique \u00e9quitable et durable, le CALQ soutient dans toutes les r\u00e9gions du Qu\u00e9bec la cr\u00e9ation, l\u2019exp\u00e9rimentation et la production dans les domaines des arts et des lettres et en favorise la diffusion au Qu\u00e9bec, au Canada et \u00e0 l\u2019\u00e9tranger.<\/p>\t\t\t\t<\/div>\n\t\t\t\t<\/div>\n\t\t\t\t\t<\/div>\n\t\t<\/div>\n\t\t\t\t\t<\/div>\n\t\t<\/section>\n\t\t<div class=\"elementor-element elementor-element-2dcf7a9 e-flex e-con-boxed e-con e-parent\" data-id=\"2dcf7a9\" data-element_type=\"container\" data-e-type=\"container\">\n\t\t\t\t\t<div class=\"e-con-inner\">\n\t\t\t\t<div class=\"elementor-element elementor-element-46c5ee6 header-divider-center elementor-widget__width-inherit elementor-widget-divider--view-line elementor-widget elementor-widget-divider\" data-id=\"46c5ee6\" data-element_type=\"widget\" data-e-type=\"widget\" data-widget_type=\"divider.default\">\n\t\t\t\t<div class=\"elementor-widget-container\">\n\t\t\t\t\t\t\t<div class=\"elementor-divider\">\n\t\t\t<span class=\"elementor-divider-separator\">\n\t\t\t\t\t\t<\/span>\n\t\t<\/div>\n\t\t\t\t\t\t<\/div>\n\t\t\t\t<\/div>\n\t\t\t\t\t<\/div>\n\t\t\t\t<\/div>\n\t\t\t\t<section class=\"elementor-section elementor-top-section elementor-element elementor-element-293e1a5 elementor-reverse-tablet elementor-reverse-mobile elementor-section-boxed elementor-section-height-default elementor-section-height-default\" data-id=\"293e1a5\" data-element_type=\"section\" data-e-type=\"section\">\n\t\t\t\t\t\t<div class=\"elementor-container elementor-column-gap-default\">\n\t\t\t\t\t<div class=\"elementor-column elementor-col-50 elementor-top-column elementor-element elementor-element-4c978f4\" data-id=\"4c978f4\" data-element_type=\"column\" data-e-type=\"column\">\n\t\t\t<div class=\"elementor-widget-wrap elementor-element-populated\">\n\t\t\t\t\t\t<div class=\"elementor-element elementor-element-0fdbe4c elementor-widget elementor-widget-heading\" data-id=\"0fdbe4c\" data-element_type=\"widget\" data-e-type=\"widget\" data-widget_type=\"heading.default\">\n\t\t\t\t<div class=\"elementor-widget-container\">\n\t\t\t\t\t<h2 class=\"elementor-heading-title elementor-size-default\">Conseil des arts du Canada \u2013 CAC<br><\/h2>\t\t\t\t<\/div>\n\t\t\t\t<\/div>\n\t\t\t\t<div class=\"elementor-element elementor-element-b7d4af6 header-divider elementor-widget__width-initial elementor-widget-divider--view-line elementor-widget elementor-widget-divider\" data-id=\"b7d4af6\" data-element_type=\"widget\" data-e-type=\"widget\" data-widget_type=\"divider.default\">\n\t\t\t\t<div class=\"elementor-widget-container\">\n\t\t\t\t\t\t\t<div class=\"elementor-divider\">\n\t\t\t<span class=\"elementor-divider-separator\">\n\t\t\t\t\t\t<\/span>\n\t\t<\/div>\n\t\t\t\t\t\t<\/div>\n\t\t\t\t<\/div>\n\t\t\t\t<div class=\"elementor-element elementor-element-9e6e051 elementor-widget elementor-widget-heading\" data-id=\"9e6e051\" data-element_type=\"widget\" data-e-type=\"widget\" data-widget_type=\"heading.default\">\n\t\t\t\t<div class=\"elementor-widget-container\">\n\t\t\t\t\t<p class=\"elementor-heading-title elementor-size-default\">Le Conseil des arts du Canada est fier d\u2019\u00eatre l\u2019organisme public de soutien aux arts du Canada. Le Conseil contribue au dynamisme d\u2019une sc\u00e8ne artistique et litt\u00e9raire cr\u00e9ative et diversifi\u00e9e en offrant aux artistes et aux organismes artistiques du Canada une vaste gamme de subventions, de services, de prix et de paiements.\n\n<\/p>\t\t\t\t<\/div>\n\t\t\t\t<\/div>\n\t\t\t\t\t<\/div>\n\t\t<\/div>\n\t\t\t\t<div class=\"elementor-column elementor-col-50 elementor-top-column elementor-element elementor-element-36de0a2\" data-id=\"36de0a2\" data-element_type=\"column\" data-e-type=\"column\">\n\t\t\t<div class=\"elementor-widget-wrap elementor-element-populated\">\n\t\t\t\t\t\t<div class=\"elementor-element elementor-element-5421489 elementor-widget elementor-widget-image\" data-id=\"5421489\" data-element_type=\"widget\" data-e-type=\"widget\" data-widget_type=\"image.default\">\n\t\t\t\t<div class=\"elementor-widget-container\">\n\t\t\t\t\t\t\t\t\t\t\t\t\t\t\t\t<a href=\"https:\/\/conseildesarts.ca\/\" target=\"_blank\">\n\t\t\t\t\t\t\t<img decoding=\"async\" width=\"2251\" height=\"2251\" src=\"https:\/\/arionbaroque.com\/wp-content\/uploads\/2026\/01\/Sponsorlogosvectors-0222_CanadaCouncilfortheArts-e1769700533763.png\" class=\"attachment-full size-full wp-image-15692\" alt=\"\" \/>\t\t\t\t\t\t\t\t<\/a>\n\t\t\t\t\t\t\t\t\t\t\t\t\t\t\t<\/div>\n\t\t\t\t<\/div>\n\t\t\t\t\t<\/div>\n\t\t<\/div>\n\t\t\t\t\t<\/div>\n\t\t<\/section>\n\t\t<div class=\"elementor-element elementor-element-9552438 e-flex e-con-boxed e-con e-parent\" data-id=\"9552438\" data-element_type=\"container\" data-e-type=\"container\">\n\t\t\t\t\t<div class=\"e-con-inner\">\n\t\t\t\t<div class=\"elementor-element elementor-element-242f0c1 elementor-widget elementor-widget-spacer\" data-id=\"242f0c1\" data-element_type=\"widget\" data-e-type=\"widget\" data-widget_type=\"spacer.default\">\n\t\t\t\t<div class=\"elementor-widget-container\">\n\t\t\t\t\t\t\t<div class=\"elementor-spacer\">\n\t\t\t<div class=\"elementor-spacer-inner\"><\/div>\n\t\t<\/div>\n\t\t\t\t\t\t<\/div>\n\t\t\t\t<\/div>\n\t\t\t\t<div class=\"elementor-element elementor-element-2e5b378 header-divider-center elementor-widget__width-inherit elementor-widget-divider--view-line elementor-widget elementor-widget-divider\" data-id=\"2e5b378\" data-element_type=\"widget\" data-e-type=\"widget\" data-widget_type=\"divider.default\">\n\t\t\t\t<div class=\"elementor-widget-container\">\n\t\t\t\t\t\t\t<div class=\"elementor-divider\">\n\t\t\t<span class=\"elementor-divider-separator\">\n\t\t\t\t\t\t<\/span>\n\t\t<\/div>\n\t\t\t\t\t\t<\/div>\n\t\t\t\t<\/div>\n\t\t\t\t\t<\/div>\n\t\t\t\t<\/div>\n\t\t\t\t<section class=\"elementor-section elementor-top-section elementor-element elementor-element-d535da4 elementor-reverse-tablet elementor-reverse-mobile elementor-section-boxed elementor-section-height-default elementor-section-height-default\" data-id=\"d535da4\" data-element_type=\"section\" data-e-type=\"section\">\n\t\t\t\t\t\t<div class=\"elementor-container elementor-column-gap-default\">\n\t\t\t\t\t<div class=\"elementor-column elementor-col-50 elementor-top-column elementor-element elementor-element-4785b4d\" data-id=\"4785b4d\" data-element_type=\"column\" data-e-type=\"column\">\n\t\t\t<div class=\"elementor-widget-wrap elementor-element-populated\">\n\t\t\t\t\t\t<div class=\"elementor-element elementor-element-cde1d0b elementor-widget elementor-widget-image\" data-id=\"cde1d0b\" data-element_type=\"widget\" data-e-type=\"widget\" data-widget_type=\"image.default\">\n\t\t\t\t<div class=\"elementor-widget-container\">\n\t\t\t\t\t\t\t\t\t\t\t\t\t\t\t\t<a href=\"https:\/\/www.artsmontreal.org\/\" target=\"_blank\">\n\t\t\t\t\t\t\t<img decoding=\"async\" width=\"1962\" height=\"914\" src=\"https:\/\/arionbaroque.com\/wp-content\/uploads\/2026\/01\/CMYK_Logo_CAMMontreal.png\" class=\"attachment-full size-full wp-image-15696\" alt=\"\" srcset=\"https:\/\/arionbaroque.com\/wp-content\/uploads\/2026\/01\/CMYK_Logo_CAMMontreal.png 1962w, https:\/\/arionbaroque.com\/wp-content\/uploads\/2026\/01\/CMYK_Logo_CAMMontreal-300x140.png 300w, https:\/\/arionbaroque.com\/wp-content\/uploads\/2026\/01\/CMYK_Logo_CAMMontreal-1024x477.png 1024w, https:\/\/arionbaroque.com\/wp-content\/uploads\/2026\/01\/CMYK_Logo_CAMMontreal-768x358.png 768w, https:\/\/arionbaroque.com\/wp-content\/uploads\/2026\/01\/CMYK_Logo_CAMMontreal-1536x716.png 1536w\" sizes=\"(max-width: 1962px) 100vw, 1962px\" \/>\t\t\t\t\t\t\t\t<\/a>\n\t\t\t\t\t\t\t\t\t\t\t\t\t\t\t<\/div>\n\t\t\t\t<\/div>\n\t\t\t\t\t<\/div>\n\t\t<\/div>\n\t\t\t\t<div class=\"elementor-column elementor-col-50 elementor-top-column elementor-element elementor-element-d82576e\" data-id=\"d82576e\" data-element_type=\"column\" data-e-type=\"column\">\n\t\t\t<div class=\"elementor-widget-wrap elementor-element-populated\">\n\t\t\t\t\t\t<div class=\"elementor-element elementor-element-a1887d5 elementor-widget elementor-widget-heading\" data-id=\"a1887d5\" data-element_type=\"widget\" data-e-type=\"widget\" data-widget_type=\"heading.default\">\n\t\t\t\t<div class=\"elementor-widget-container\">\n\t\t\t\t\t<h2 class=\"elementor-heading-title elementor-size-default\">Conseil des arts de Montr\u00e9al \u2013 CAM<\/h2>\t\t\t\t<\/div>\n\t\t\t\t<\/div>\n\t\t\t\t<div class=\"elementor-element elementor-element-a1e050d header-divider elementor-widget__width-initial elementor-widget-divider--view-line elementor-widget elementor-widget-divider\" data-id=\"a1e050d\" data-element_type=\"widget\" data-e-type=\"widget\" data-widget_type=\"divider.default\">\n\t\t\t\t<div class=\"elementor-widget-container\">\n\t\t\t\t\t\t\t<div class=\"elementor-divider\">\n\t\t\t<span class=\"elementor-divider-separator\">\n\t\t\t\t\t\t<\/span>\n\t\t<\/div>\n\t\t\t\t\t\t<\/div>\n\t\t\t\t<\/div>\n\t\t\t\t<div class=\"elementor-element elementor-element-45073ba elementor-widget elementor-widget-heading\" data-id=\"45073ba\" data-element_type=\"widget\" data-e-type=\"widget\" data-widget_type=\"heading.default\">\n\t\t\t\t<div class=\"elementor-widget-container\">\n\t\t\t\t\t<p class=\"elementor-heading-title elementor-size-default\">Rep\u00e9rer le potentiel. Accompagner le talent. Soutenir les efforts. Reconna\u00eetre l\u2019audace. Le Conseil ne se limite pas \u00e0 accorder des subventions. Il joue un v\u00e9ritable r\u00f4le de pilier de la communaut\u00e9 des arts, de rassembleur des milieux artistiques, municipaux et \u00e9conomiques, et de propulseur de la cr\u00e9ation \u00e0 Montr\u00e9al. <\/p>\t\t\t\t<\/div>\n\t\t\t\t<\/div>\n\t\t\t\t\t<\/div>\n\t\t<\/div>\n\t\t\t\t\t<\/div>\n\t\t<\/section>\n\t\t\t\t<section class=\"elementor-section elementor-top-section elementor-element elementor-element-83769d4 elementor-section-boxed elementor-section-height-default elementor-section-height-default\" data-id=\"83769d4\" data-element_type=\"section\" data-e-type=\"section\">\n\t\t\t\t\t\t<div class=\"elementor-container elementor-column-gap-default\">\n\t\t\t\t\t<div class=\"elementor-column elementor-col-100 elementor-top-column elementor-element elementor-element-5c2b3f2\" data-id=\"5c2b3f2\" data-element_type=\"column\" data-e-type=\"column\">\n\t\t\t<div class=\"elementor-widget-wrap elementor-element-populated\">\n\t\t\t\t\t\t<div class=\"elementor-element elementor-element-801b925 elementor-widget elementor-widget-spacer\" data-id=\"801b925\" data-element_type=\"widget\" data-e-type=\"widget\" data-widget_type=\"spacer.default\">\n\t\t\t\t<div class=\"elementor-widget-container\">\n\t\t\t\t\t\t\t<div class=\"elementor-spacer\">\n\t\t\t<div class=\"elementor-spacer-inner\"><\/div>\n\t\t<\/div>\n\t\t\t\t\t\t<\/div>\n\t\t\t\t<\/div>\n\t\t\t\t\t<\/div>\n\t\t<\/div>\n\t\t\t\t\t<\/div>\n\t\t<\/section>\n\t\t\t\t<\/div>\n\t\t","protected":false},"excerpt":{"rendered":"<p>nos partenaires publics Un soutien essentiel permettant la r\u00e9alisation de notre mission culturelle Conseil des arts et des lettres du Qu\u00e9bec \u2013 CALQ Le Conseil des arts et des lettres du Qu\u00e9bec investit dans l\u2019imaginaire et c\u00e9l\u00e8bre les succ\u00e8s de celles et ceux qui cr\u00e9ent des \u0153uvres marquantes, qui forgent<span class=\"more-dots\">&#8230;<\/span> <span class=\"more-tag\"><a class=\"more-link\" href=\"https:\/\/arionbaroque.com\/fr\/partenaires-publics\/\">Read More<span class=\"screen-reader-text\"> \"Partenaires publics\"<\/span><\/a><\/span><!-- .more-tag --><\/p>\n","protected":false},"author":2,"featured_media":0,"parent":0,"menu_order":0,"comment_status":"closed","ping_status":"closed","template":"page-templates\/full-width.php","meta":{"_acf_changed":false,"footnotes":""},"class_list":["post-15687","page","type-page","status-publish","hentry"],"acf":[],"_links":{"self":[{"href":"https:\/\/arionbaroque.com\/fr\/wp-json\/wp\/v2\/pages\/15687","targetHints":{"allow":["GET"]}}],"collection":[{"href":"https:\/\/arionbaroque.com\/fr\/wp-json\/wp\/v2\/pages"}],"about":[{"href":"https:\/\/arionbaroque.com\/fr\/wp-json\/wp\/v2\/types\/page"}],"author":[{"embeddable":true,"href":"https:\/\/arionbaroque.com\/fr\/wp-json\/wp\/v2\/users\/2"}],"replies":[{"embeddable":true,"href":"https:\/\/arionbaroque.com\/fr\/wp-json\/wp\/v2\/comments?post=15687"}],"version-history":[{"count":31,"href":"https:\/\/arionbaroque.com\/fr\/wp-json\/wp\/v2\/pages\/15687\/revisions"}],"predecessor-version":[{"id":15963,"href":"https:\/\/arionbaroque.com\/fr\/wp-json\/wp\/v2\/pages\/15687\/revisions\/15963"}],"wp:attachment":[{"href":"https:\/\/arionbaroque.com\/fr\/wp-json\/wp\/v2\/media?parent=15687"}],"curies":[{"name":"wp","href":"https:\/\/api.w.org\/{rel}","templated":true}]}}