{"id":15739,"date":"2026-01-29T13:54:14","date_gmt":"2026-01-29T17:54:14","guid":{"rendered":"https:\/\/arionbaroque.com\/?page_id=15739"},"modified":"2026-01-30T20:39:49","modified_gmt":"2026-01-31T00:39:49","slug":"partenaires-prives","status":"publish","type":"page","link":"https:\/\/arionbaroque.com\/fr\/partenaires-prives\/","title":{"rendered":"Partenaires priv\u00e9s"},"content":{"rendered":"\t\t<div data-elementor-type=\"wp-page\" data-elementor-id=\"15739\" class=\"elementor elementor-15739\" data-elementor-post-type=\"page\">\n\t\t\t\t\t\t<section class=\"elementor-section elementor-top-section elementor-element elementor-element-3940f53 elementor-section-height-min-height elementor-section-boxed elementor-section-height-default elementor-section-items-middle\" data-id=\"3940f53\" data-element_type=\"section\" data-e-type=\"section\" data-settings=\"{&quot;background_background&quot;:&quot;classic&quot;,&quot;motion_fx_motion_fx_scrolling&quot;:&quot;yes&quot;,&quot;animation&quot;:&quot;none&quot;,&quot;motion_fx_devices&quot;:[&quot;desktop&quot;,&quot;tablet&quot;,&quot;mobile&quot;]}\">\n\t\t\t\t\t\t\t<div class=\"elementor-background-overlay\"><\/div>\n\t\t\t\t\t\t\t<div class=\"elementor-container elementor-column-gap-default\">\n\t\t\t\t\t<div class=\"elementor-column elementor-col-100 elementor-top-column elementor-element elementor-element-e324f58\" data-id=\"e324f58\" data-element_type=\"column\" data-e-type=\"column\">\n\t\t\t<div class=\"elementor-widget-wrap elementor-element-populated\">\n\t\t\t\t\t\t<div class=\"elementor-element elementor-element-db0ae40 elementor-widget elementor-widget-heading\" data-id=\"db0ae40\" data-element_type=\"widget\" data-e-type=\"widget\" data-widget_type=\"heading.default\">\n\t\t\t\t<div class=\"elementor-widget-container\">\n\t\t\t\t\t<h1 class=\"elementor-heading-title elementor-size-default\">nos partenaires priv\u00e9s<\/h1>\t\t\t\t<\/div>\n\t\t\t\t<\/div>\n\t\t\t\t\t<\/div>\n\t\t<\/div>\n\t\t\t\t\t<\/div>\n\t\t<\/section>\n\t\t\t\t<section class=\"elementor-section elementor-top-section elementor-element elementor-element-8858606 elementor-reverse-tablet elementor-reverse-mobile elementor-section-boxed elementor-section-height-default elementor-section-height-default\" data-id=\"8858606\" data-element_type=\"section\" data-e-type=\"section\">\n\t\t\t\t\t\t<div class=\"elementor-container elementor-column-gap-default\">\n\t\t\t\t\t<div class=\"elementor-column elementor-col-100 elementor-top-column elementor-element elementor-element-3a0b1e1\" data-id=\"3a0b1e1\" data-element_type=\"column\" data-e-type=\"column\">\n\t\t\t<div class=\"elementor-widget-wrap elementor-element-populated\">\n\t\t\t\t\t\t<div class=\"elementor-element elementor-element-7cf63d9 elementor-widget elementor-widget-heading\" data-id=\"7cf63d9\" data-element_type=\"widget\" data-e-type=\"widget\" data-widget_type=\"heading.default\">\n\t\t\t\t<div class=\"elementor-widget-container\">\n\t\t\t\t\t<h1 class=\"elementor-heading-title elementor-size-default\">Un engagement pr\u00e9cieux qui contribue directement \u00e0 la vitalit\u00e9 de notre organisme<\/h1>\t\t\t\t<\/div>\n\t\t\t\t<\/div>\n\t\t\t\t<div class=\"elementor-element elementor-element-dd68c8f elementor-widget elementor-widget-spacer\" data-id=\"dd68c8f\" data-element_type=\"widget\" data-e-type=\"widget\" data-widget_type=\"spacer.default\">\n\t\t\t\t<div class=\"elementor-widget-container\">\n\t\t\t\t\t\t\t<div class=\"elementor-spacer\">\n\t\t\t<div class=\"elementor-spacer-inner\"><\/div>\n\t\t<\/div>\n\t\t\t\t\t\t<\/div>\n\t\t\t\t<\/div>\n\t\t\t\t<div class=\"elementor-element elementor-element-add1b9b header-divider elementor-widget__width-initial elementor-widget-divider--view-line elementor-widget elementor-widget-divider\" data-id=\"add1b9b\" data-element_type=\"widget\" data-e-type=\"widget\" data-widget_type=\"divider.default\">\n\t\t\t\t<div class=\"elementor-widget-container\">\n\t\t\t\t\t\t\t<div class=\"elementor-divider\">\n\t\t\t<span class=\"elementor-divider-separator\">\n\t\t\t\t\t\t<\/span>\n\t\t<\/div>\n\t\t\t\t\t\t<\/div>\n\t\t\t\t<\/div>\n\t\t\t\t\t<\/div>\n\t\t<\/div>\n\t\t\t\t\t<\/div>\n\t\t<\/section>\n\t\t\t\t<section class=\"elementor-section elementor-top-section elementor-element elementor-element-c2e2e74 elementor-reverse-tablet elementor-reverse-mobile elementor-section-boxed elementor-section-height-default elementor-section-height-default\" data-id=\"c2e2e74\" data-element_type=\"section\" data-e-type=\"section\">\n\t\t\t\t\t\t<div class=\"elementor-container elementor-column-gap-default\">\n\t\t\t\t\t<div class=\"elementor-column elementor-col-50 elementor-top-column elementor-element elementor-element-a78604c\" data-id=\"a78604c\" data-element_type=\"column\" data-e-type=\"column\">\n\t\t\t<div class=\"elementor-widget-wrap elementor-element-populated\">\n\t\t\t\t\t\t<div class=\"elementor-element elementor-element-b7776ce elementor-widget elementor-widget-heading\" data-id=\"b7776ce\" data-element_type=\"widget\" data-e-type=\"widget\" data-widget_type=\"heading.default\">\n\t\t\t\t<div class=\"elementor-widget-container\">\n\t\t\t\t\t<h2 class=\"elementor-heading-title elementor-size-default\">Fondation Bouchard<\/h2>\t\t\t\t<\/div>\n\t\t\t\t<\/div>\n\t\t\t\t<div class=\"elementor-element elementor-element-e0cad8c header-divider elementor-widget__width-initial elementor-widget-divider--view-line elementor-widget elementor-widget-divider\" data-id=\"e0cad8c\" data-element_type=\"widget\" data-e-type=\"widget\" data-widget_type=\"divider.default\">\n\t\t\t\t<div class=\"elementor-widget-container\">\n\t\t\t\t\t\t\t<div class=\"elementor-divider\">\n\t\t\t<span class=\"elementor-divider-separator\">\n\t\t\t\t\t\t<\/span>\n\t\t<\/div>\n\t\t\t\t\t\t<\/div>\n\t\t\t\t<\/div>\n\t\t\t\t<div class=\"elementor-element elementor-element-affb02c elementor-widget elementor-widget-heading\" data-id=\"affb02c\" data-element_type=\"widget\" data-e-type=\"widget\" data-widget_type=\"heading.default\">\n\t\t\t\t<div class=\"elementor-widget-container\">\n\t\t\t\t\t<p class=\"elementor-heading-title elementor-size-default\">Arion Orchestre Baroque tient \u00e0 souligner avec gratitude le soutien g\u00e9n\u00e9reux de la Fondation Sandra et Alain Bouchard, dont l\u2019engagement envers la jeunesse r\u00e9sonne profond\u00e9ment avec notre mission. Gr\u00e2ce \u00e0 leur appui, nous pouvons offrir \u00e0 de jeunes musicien\u00b7ne\u00b7s et \u00e0 de jeunes m\u00e9lomanes des occasions uniques de d\u00e9couvrir, d\u2019apprendre et de s\u2019\u00e9panouir \u00e0 travers la musique baroque.&nbsp;<br><br>Leur contribution permet de donner vie \u00e0 des projets qui ouvrent des portes\u202f: ateliers \u00e9ducatifs, acc\u00e8s privil\u00e9gi\u00e9s aux r\u00e9p\u00e9titions, rencontres avec les artistes, et initiatives favorisant la participation des jeunes issus de divers horizons. Ensemble, nous croyons que la musique peut \u00e9veiller la curiosit\u00e9, nourrir la cr\u00e9ativit\u00e9 et soutenir l\u2019\u00e9panouissement des futures g\u00e9n\u00e9rations.<\/p>\t\t\t\t<\/div>\n\t\t\t\t<\/div>\n\t\t\t\t\t<\/div>\n\t\t<\/div>\n\t\t\t\t<div class=\"elementor-column elementor-col-50 elementor-top-column elementor-element elementor-element-26287ec\" data-id=\"26287ec\" data-element_type=\"column\" data-e-type=\"column\">\n\t\t\t<div class=\"elementor-widget-wrap elementor-element-populated\">\n\t\t\t\t\t\t<div class=\"elementor-element elementor-element-14a39b8 elementor-widget elementor-widget-image\" data-id=\"14a39b8\" data-element_type=\"widget\" data-e-type=\"widget\" data-widget_type=\"image.default\">\n\t\t\t\t<div class=\"elementor-widget-container\">\n\t\t\t\t\t\t\t\t\t\t\t\t\t\t\t\t<a href=\"https:\/\/fondationbouchard.com\/\" target=\"_blank\">\n\t\t\t\t\t\t\t<img fetchpriority=\"high\" decoding=\"async\" width=\"800\" height=\"271\" src=\"https:\/\/arionbaroque.com\/wp-content\/uploads\/2026\/01\/LOGO_FSAB_FR_C_RGB_LR.png\" class=\"attachment-full size-full wp-image-15805\" alt=\"\" srcset=\"https:\/\/arionbaroque.com\/wp-content\/uploads\/2026\/01\/LOGO_FSAB_FR_C_RGB_LR.png 800w, https:\/\/arionbaroque.com\/wp-content\/uploads\/2026\/01\/LOGO_FSAB_FR_C_RGB_LR-300x102.png 300w, https:\/\/arionbaroque.com\/wp-content\/uploads\/2026\/01\/LOGO_FSAB_FR_C_RGB_LR-768x260.png 768w\" sizes=\"(max-width: 800px) 100vw, 800px\" \/>\t\t\t\t\t\t\t\t<\/a>\n\t\t\t\t\t\t\t\t\t\t\t\t\t\t\t<\/div>\n\t\t\t\t<\/div>\n\t\t\t\t\t<\/div>\n\t\t<\/div>\n\t\t\t\t\t<\/div>\n\t\t<\/section>\n\t\t<div class=\"elementor-element elementor-element-037258e e-flex e-con-boxed e-con e-parent\" data-id=\"037258e\" data-element_type=\"container\" data-e-type=\"container\">\n\t\t\t\t\t<div class=\"e-con-inner\">\n\t\t\t\t<div class=\"elementor-element elementor-element-84f676a header-divider-center elementor-widget__width-inherit elementor-widget-divider--view-line elementor-widget elementor-widget-divider\" data-id=\"84f676a\" data-element_type=\"widget\" data-e-type=\"widget\" data-widget_type=\"divider.default\">\n\t\t\t\t<div class=\"elementor-widget-container\">\n\t\t\t\t\t\t\t<div class=\"elementor-divider\">\n\t\t\t<span class=\"elementor-divider-separator\">\n\t\t\t\t\t\t<\/span>\n\t\t<\/div>\n\t\t\t\t\t\t<\/div>\n\t\t\t\t<\/div>\n\t\t\t\t\t<\/div>\n\t\t\t\t<\/div>\n\t\t\t\t<section class=\"elementor-section elementor-top-section elementor-element elementor-element-293e1a5 elementor-reverse-tablet elementor-reverse-mobile elementor-section-boxed elementor-section-height-default elementor-section-height-default\" data-id=\"293e1a5\" data-element_type=\"section\" data-e-type=\"section\">\n\t\t\t\t\t\t<div class=\"elementor-container elementor-column-gap-default\">\n\t\t\t\t\t<div class=\"elementor-column elementor-col-50 elementor-top-column elementor-element elementor-element-36de0a2\" data-id=\"36de0a2\" data-element_type=\"column\" data-e-type=\"column\">\n\t\t\t<div class=\"elementor-widget-wrap elementor-element-populated\">\n\t\t\t\t\t\t<div class=\"elementor-element elementor-element-5421489 elementor-widget elementor-widget-image\" data-id=\"5421489\" data-element_type=\"widget\" data-e-type=\"widget\" data-widget_type=\"image.default\">\n\t\t\t\t<div class=\"elementor-widget-container\">\n\t\t\t\t\t\t\t\t\t\t\t\t\t\t\t\t<a href=\"https:\/\/www.fondationinlb.org\/\" target=\"_blank\">\n\t\t\t\t\t\t\t<img decoding=\"async\" width=\"580\" height=\"62\" src=\"https:\/\/arionbaroque.com\/wp-content\/uploads\/2026\/01\/LOGO_Fondation_INLB_2025.jpg\" class=\"attachment-full size-full wp-image-15944\" alt=\"\" srcset=\"https:\/\/arionbaroque.com\/wp-content\/uploads\/2026\/01\/LOGO_Fondation_INLB_2025.jpg 580w, https:\/\/arionbaroque.com\/wp-content\/uploads\/2026\/01\/LOGO_Fondation_INLB_2025-300x32.jpg 300w\" sizes=\"(max-width: 580px) 100vw, 580px\" \/>\t\t\t\t\t\t\t\t<\/a>\n\t\t\t\t\t\t\t\t\t\t\t\t\t\t\t<\/div>\n\t\t\t\t<\/div>\n\t\t\t\t\t<\/div>\n\t\t<\/div>\n\t\t\t\t<div class=\"elementor-column elementor-col-50 elementor-top-column elementor-element elementor-element-4c978f4\" data-id=\"4c978f4\" data-element_type=\"column\" data-e-type=\"column\">\n\t\t\t<div class=\"elementor-widget-wrap elementor-element-populated\">\n\t\t\t\t\t\t<div class=\"elementor-element elementor-element-0fdbe4c elementor-widget elementor-widget-heading\" data-id=\"0fdbe4c\" data-element_type=\"widget\" data-e-type=\"widget\" data-widget_type=\"heading.default\">\n\t\t\t\t<div class=\"elementor-widget-container\">\n\t\t\t\t\t<h2 class=\"elementor-heading-title elementor-size-default\">Fondation de l'Institut Nazareth et Louis-Braille \u2013 INLB<\/h2>\t\t\t\t<\/div>\n\t\t\t\t<\/div>\n\t\t\t\t<div class=\"elementor-element elementor-element-b7d4af6 header-divider elementor-widget__width-initial elementor-widget-divider--view-line elementor-widget elementor-widget-divider\" data-id=\"b7d4af6\" data-element_type=\"widget\" data-e-type=\"widget\" data-widget_type=\"divider.default\">\n\t\t\t\t<div class=\"elementor-widget-container\">\n\t\t\t\t\t\t\t<div class=\"elementor-divider\">\n\t\t\t<span class=\"elementor-divider-separator\">\n\t\t\t\t\t\t<\/span>\n\t\t<\/div>\n\t\t\t\t\t\t<\/div>\n\t\t\t\t<\/div>\n\t\t\t\t<div class=\"elementor-element elementor-element-9e6e051 elementor-widget elementor-widget-heading\" data-id=\"9e6e051\" data-element_type=\"widget\" data-e-type=\"widget\" data-widget_type=\"heading.default\">\n\t\t\t\t<div class=\"elementor-widget-container\">\n\t\t\t\t\t<p class=\"elementor-heading-title elementor-size-default\">Cette ann\u00e9e, la Fondation de l\u2019INLB a offert pr\u00e8s de 75\u202f000\u202f$ dans le cadre de son programme d\u2019appui aux organismes, afin de soutenir des initiatives visant \u00e0 am\u00e9liorer la vie des personnes vivant avec une d\u00e9ficience visuelle. Gr\u00e2ce \u00e0 ce soutien, des projets vari\u00e9s prennent vie : rendre la musique accessible,&nbsp; ou encore offrir des services d\u2019accompagnement essentiels. Ensemble, ces actions contribuent \u00e0 une communaut\u00e9 plus inclusive, plus vivante et plus solidaire.&nbsp;<br><br>Arion Orchestre Baroque est profond\u00e9ment reconnaissant de faire partie des organisations soutenues cette ann\u00e9e, aux c\u00f4t\u00e9s de l\u2019Association sportive des aveugles du Montr\u00e9al m\u00e9tropolitain, de la Maison qu\u00e9b\u00e9coise du th\u00e9\u00e2tre pour l\u2019enfance et la jeunesse, du Th\u00e9\u00e2tre du Rideau Vert et du Regroupement des aveugles et amblyopes du Montr\u00e9al m\u00e9tropolitain.<\/p>\t\t\t\t<\/div>\n\t\t\t\t<\/div>\n\t\t\t\t\t<\/div>\n\t\t<\/div>\n\t\t\t\t\t<\/div>\n\t\t<\/section>\n\t\t<div class=\"elementor-element elementor-element-9552438 e-flex e-con-boxed e-con e-parent\" data-id=\"9552438\" data-element_type=\"container\" data-e-type=\"container\">\n\t\t\t\t\t<div class=\"e-con-inner\">\n\t\t\t\t<div class=\"elementor-element elementor-element-242f0c1 elementor-widget elementor-widget-spacer\" data-id=\"242f0c1\" data-element_type=\"widget\" data-e-type=\"widget\" data-widget_type=\"spacer.default\">\n\t\t\t\t<div class=\"elementor-widget-container\">\n\t\t\t\t\t\t\t<div class=\"elementor-spacer\">\n\t\t\t<div class=\"elementor-spacer-inner\"><\/div>\n\t\t<\/div>\n\t\t\t\t\t\t<\/div>\n\t\t\t\t<\/div>\n\t\t\t\t<div class=\"elementor-element elementor-element-9c9425a header-divider-center elementor-widget__width-inherit elementor-widget-divider--view-line elementor-widget elementor-widget-divider\" data-id=\"9c9425a\" data-element_type=\"widget\" data-e-type=\"widget\" data-widget_type=\"divider.default\">\n\t\t\t\t<div class=\"elementor-widget-container\">\n\t\t\t\t\t\t\t<div class=\"elementor-divider\">\n\t\t\t<span class=\"elementor-divider-separator\">\n\t\t\t\t\t\t<\/span>\n\t\t<\/div>\n\t\t\t\t\t\t<\/div>\n\t\t\t\t<\/div>\n\t\t\t\t\t<\/div>\n\t\t\t\t<\/div>\n\t\t\t\t<section class=\"elementor-section elementor-top-section elementor-element elementor-element-d535da4 elementor-reverse-tablet elementor-reverse-mobile elementor-section-boxed elementor-section-height-default elementor-section-height-default\" data-id=\"d535da4\" data-element_type=\"section\" data-e-type=\"section\">\n\t\t\t\t\t\t<div class=\"elementor-container elementor-column-gap-default\">\n\t\t\t\t\t<div class=\"elementor-column elementor-col-50 elementor-top-column elementor-element elementor-element-d82576e\" data-id=\"d82576e\" data-element_type=\"column\" data-e-type=\"column\">\n\t\t\t<div class=\"elementor-widget-wrap elementor-element-populated\">\n\t\t\t\t\t\t<div class=\"elementor-element elementor-element-a1887d5 elementor-widget elementor-widget-heading\" data-id=\"a1887d5\" data-element_type=\"widget\" data-e-type=\"widget\" data-widget_type=\"heading.default\">\n\t\t\t\t<div class=\"elementor-widget-container\">\n\t\t\t\t\t<h2 class=\"elementor-heading-title elementor-size-default\">Fondation Arion<\/h2>\t\t\t\t<\/div>\n\t\t\t\t<\/div>\n\t\t\t\t<div class=\"elementor-element elementor-element-a1e050d header-divider elementor-widget__width-initial elementor-widget-divider--view-line elementor-widget elementor-widget-divider\" data-id=\"a1e050d\" data-element_type=\"widget\" data-e-type=\"widget\" data-widget_type=\"divider.default\">\n\t\t\t\t<div class=\"elementor-widget-container\">\n\t\t\t\t\t\t\t<div class=\"elementor-divider\">\n\t\t\t<span class=\"elementor-divider-separator\">\n\t\t\t\t\t\t<\/span>\n\t\t<\/div>\n\t\t\t\t\t\t<\/div>\n\t\t\t\t<\/div>\n\t\t\t\t<div class=\"elementor-element elementor-element-45073ba elementor-widget elementor-widget-heading\" data-id=\"45073ba\" data-element_type=\"widget\" data-e-type=\"widget\" data-widget_type=\"heading.default\">\n\t\t\t\t<div class=\"elementor-widget-container\">\n\t\t\t\t\t<p class=\"elementor-heading-title elementor-size-default\">La Fondation Arion s'est engag\u00e9e \u00e0 fournir un soutien continu \u00e0 Arion Orchestre Baroque, lui permettant de pr\u00e9senter des performances \u00e9lectrisantes, de rendre la musique accessible \u00e0 tous, de d\u00e9velopper ses projets p\u00e9dagogiques ainsi que de prendre soin de la rel\u00e8ve.&nbsp;<br><br>La Fondation Arion a \u00e9t\u00e9 cr\u00e9\u00e9e en 2005 \u00e0 l\u2019initiative du Conseil d\u2019administration d\u2019Arion, alors pr\u00e9sid\u00e9 par Mme Suzanne Masson. Depuis 2009, M. Fran\u00e7ois Mongrain assure la pr\u00e9sidence de la fondation, guidant ses initiatives et sa croissance.&nbsp;<br><br>En 2019, la Fondation a cr\u00e9\u00e9 le Fonds de p\u00e9rennit\u00e9 Claire Guimond afin de veiller \u00e0 la stabilit\u00e9 financi\u00e8re de l'Orchestre \u00e0 long terme et ainsi pr\u00e9server l'h\u00e9ritage d'Arion Orchestre Baroque et ses importantes contributions, notamment \u00e0 la vie culturelle montr\u00e9alaise.<\/p>\t\t\t\t<\/div>\n\t\t\t\t<\/div>\n\t\t\t\t\t<\/div>\n\t\t<\/div>\n\t\t\t\t<div class=\"elementor-column elementor-col-50 elementor-top-column elementor-element elementor-element-4785b4d\" data-id=\"4785b4d\" data-element_type=\"column\" data-e-type=\"column\">\n\t\t\t<div class=\"elementor-widget-wrap elementor-element-populated\">\n\t\t\t\t\t\t<div class=\"elementor-element elementor-element-cde1d0b elementor-widget elementor-widget-image\" data-id=\"cde1d0b\" data-element_type=\"widget\" data-e-type=\"widget\" data-widget_type=\"image.default\">\n\t\t\t\t<div class=\"elementor-widget-container\">\n\t\t\t\t\t\t\t\t\t\t\t\t\t\t\t<img decoding=\"async\" width=\"1257\" height=\"529\" src=\"https:\/\/arionbaroque.com\/wp-content\/uploads\/2026\/01\/arion-fondation-moyen-nb.jpg\" class=\"attachment-full size-full wp-image-15834\" alt=\"\" srcset=\"https:\/\/arionbaroque.com\/wp-content\/uploads\/2026\/01\/arion-fondation-moyen-nb.jpg 1257w, https:\/\/arionbaroque.com\/wp-content\/uploads\/2026\/01\/arion-fondation-moyen-nb-300x126.jpg 300w, https:\/\/arionbaroque.com\/wp-content\/uploads\/2026\/01\/arion-fondation-moyen-nb-1024x431.jpg 1024w, https:\/\/arionbaroque.com\/wp-content\/uploads\/2026\/01\/arion-fondation-moyen-nb-768x323.jpg 768w\" sizes=\"(max-width: 1257px) 100vw, 1257px\" \/>\t\t\t\t\t\t\t\t\t\t\t\t\t\t\t<\/div>\n\t\t\t\t<\/div>\n\t\t\t\t\t<\/div>\n\t\t<\/div>\n\t\t\t\t\t<\/div>\n\t\t<\/section>\n\t\t\t\t<section class=\"elementor-section elementor-top-section elementor-element elementor-element-83769d4 elementor-section-boxed elementor-section-height-default elementor-section-height-default\" data-id=\"83769d4\" data-element_type=\"section\" data-e-type=\"section\">\n\t\t\t\t\t\t<div class=\"elementor-container elementor-column-gap-default\">\n\t\t\t\t\t<div class=\"elementor-column elementor-col-100 elementor-top-column elementor-element elementor-element-5c2b3f2\" data-id=\"5c2b3f2\" data-element_type=\"column\" data-e-type=\"column\">\n\t\t\t<div class=\"elementor-widget-wrap elementor-element-populated\">\n\t\t\t\t\t\t<div class=\"elementor-element elementor-element-801b925 elementor-widget elementor-widget-spacer\" data-id=\"801b925\" data-element_type=\"widget\" data-e-type=\"widget\" data-widget_type=\"spacer.default\">\n\t\t\t\t<div class=\"elementor-widget-container\">\n\t\t\t\t\t\t\t<div class=\"elementor-spacer\">\n\t\t\t<div class=\"elementor-spacer-inner\"><\/div>\n\t\t<\/div>\n\t\t\t\t\t\t<\/div>\n\t\t\t\t<\/div>\n\t\t\t\t\t<\/div>\n\t\t<\/div>\n\t\t\t\t\t<\/div>\n\t\t<\/section>\n\t\t\t\t<\/div>\n\t\t","protected":false},"excerpt":{"rendered":"<p>nos partenaires priv\u00e9s Un engagement pr\u00e9cieux qui contribue directement \u00e0 la vitalit\u00e9 de notre organisme Fondation Bouchard Arion Orchestre Baroque tient \u00e0 souligner avec gratitude le soutien g\u00e9n\u00e9reux de la Fondation Sandra et Alain Bouchard, dont l\u2019engagement envers la jeunesse r\u00e9sonne profond\u00e9ment avec notre mission. Gr\u00e2ce \u00e0 leur appui, nous<span class=\"more-dots\">&#8230;<\/span> <span class=\"more-tag\"><a class=\"more-link\" href=\"https:\/\/arionbaroque.com\/fr\/partenaires-prives\/\">Read More<span class=\"screen-reader-text\"> \"Partenaires priv\u00e9s\"<\/span><\/a><\/span><!-- .more-tag --><\/p>\n","protected":false},"author":2,"featured_media":0,"parent":0,"menu_order":0,"comment_status":"closed","ping_status":"closed","template":"page-templates\/full-width.php","meta":{"_acf_changed":false,"footnotes":""},"class_list":["post-15739","page","type-page","status-publish","hentry"],"acf":[],"_links":{"self":[{"href":"https:\/\/arionbaroque.com\/fr\/wp-json\/wp\/v2\/pages\/15739","targetHints":{"allow":["GET"]}}],"collection":[{"href":"https:\/\/arionbaroque.com\/fr\/wp-json\/wp\/v2\/pages"}],"about":[{"href":"https:\/\/arionbaroque.com\/fr\/wp-json\/wp\/v2\/types\/page"}],"author":[{"embeddable":true,"href":"https:\/\/arionbaroque.com\/fr\/wp-json\/wp\/v2\/users\/2"}],"replies":[{"embeddable":true,"href":"https:\/\/arionbaroque.com\/fr\/wp-json\/wp\/v2\/comments?post=15739"}],"version-history":[{"count":76,"href":"https:\/\/arionbaroque.com\/fr\/wp-json\/wp\/v2\/pages\/15739\/revisions"}],"predecessor-version":[{"id":15969,"href":"https:\/\/arionbaroque.com\/fr\/wp-json\/wp\/v2\/pages\/15739\/revisions\/15969"}],"wp:attachment":[{"href":"https:\/\/arionbaroque.com\/fr\/wp-json\/wp\/v2\/media?parent=15739"}],"curies":[{"name":"wp","href":"https:\/\/api.w.org\/{rel}","templated":true}]}}