{"id":3926,"date":"2023-11-22T14:31:53","date_gmt":"2023-11-22T18:31:53","guid":{"rendered":"https:\/\/arionbaroque.com\/page-daccueil\/"},"modified":"2025-10-08T15:44:12","modified_gmt":"2025-10-08T19:44:12","slug":"page-daccueil","status":"publish","type":"page","link":"https:\/\/arionbaroque.com\/fr\/","title":{"rendered":"Page D&#8217;accueil"},"content":{"rendered":"\t\t<div data-elementor-type=\"wp-page\" data-elementor-id=\"3926\" class=\"elementor elementor-3926 elementor-39\" data-elementor-post-type=\"page\">\n\t\t\t\t<div class=\"elementor-element elementor-element-014fd50 e-flex e-con-boxed e-con e-parent\" data-id=\"014fd50\" data-element_type=\"container\" data-e-type=\"container\">\n\t\t\t\t\t<div class=\"e-con-inner\">\n\t\t\t\t<div class=\"elementor-element elementor-element-fc6034e elementor-widget elementor-widget-image\" data-id=\"fc6034e\" data-element_type=\"widget\" data-e-type=\"widget\" data-widget_type=\"image.default\">\n\t\t\t\t<div class=\"elementor-widget-container\">\n\t\t\t\t\t\t\t\t\t\t\t\t\t\t\t<img fetchpriority=\"high\" decoding=\"async\" width=\"1920\" height=\"680\" src=\"https:\/\/arionbaroque.com\/wp-content\/uploads\/2025\/06\/VS_1920x1080-e1748927039651.jpg\" class=\"attachment-full size-full wp-image-13137\" alt=\"Saison 25-26\" srcset=\"https:\/\/arionbaroque.com\/wp-content\/uploads\/2025\/06\/VS_1920x1080-e1748927039651.jpg 1920w, https:\/\/arionbaroque.com\/wp-content\/uploads\/2025\/06\/VS_1920x1080-e1748927039651-300x106.jpg 300w, https:\/\/arionbaroque.com\/wp-content\/uploads\/2025\/06\/VS_1920x1080-e1748927039651-1024x363.jpg 1024w, https:\/\/arionbaroque.com\/wp-content\/uploads\/2025\/06\/VS_1920x1080-e1748927039651-768x272.jpg 768w, https:\/\/arionbaroque.com\/wp-content\/uploads\/2025\/06\/VS_1920x1080-e1748927039651-1536x544.jpg 1536w\" sizes=\"(max-width: 1920px) 100vw, 1920px\" \/>\t\t\t\t\t\t\t\t\t\t\t\t\t\t\t<\/div>\n\t\t\t\t<\/div>\n\t\t\t\t\t<\/div>\n\t\t\t\t<\/div>\n\t\t<div class=\"elementor-element elementor-element-1e41495 e-flex e-con-boxed e-con e-parent\" data-id=\"1e41495\" data-element_type=\"container\" data-e-type=\"container\">\n\t\t\t\t\t<div class=\"e-con-inner\">\n\t\t\t\t<div class=\"elementor-element elementor-element-3c57677 elementor-align-center elementor-widget elementor-widget-button\" data-id=\"3c57677\" data-element_type=\"widget\" data-e-type=\"widget\" data-widget_type=\"button.default\">\n\t\t\t\t<div class=\"elementor-widget-container\">\n\t\t\t\t\t\t\t\t\t<div class=\"elementor-button-wrapper\">\n\t\t\t\t\t<a class=\"elementor-button elementor-button-link elementor-size-sm\" href=\"https:\/\/heyzine.com\/flip-book\/f347b65c55.html\" target=\"_blank\">\n\t\t\t\t\t\t<span class=\"elementor-button-content-wrapper\">\n\t\t\t\t\t\t\t\t\t<span class=\"elementor-button-text\">T\u00e9l\u00e9chargez la brochure<\/span>\n\t\t\t\t\t<\/span>\n\t\t\t\t\t<\/a>\n\t\t\t\t<\/div>\n\t\t\t\t\t\t\t\t<\/div>\n\t\t\t\t<\/div>\n\t\t\t\t\t<\/div>\n\t\t\t\t<\/div>\n\t\t<div class=\"elementor-element elementor-element-6ba98b2 e-flex e-con-boxed e-con e-parent\" data-id=\"6ba98b2\" data-element_type=\"container\" data-e-type=\"container\">\n\t\t\t\t\t<div class=\"e-con-inner\">\n\t\t\t\t<div class=\"elementor-element elementor-element-e0498f6 elementor-widget elementor-widget-video\" data-id=\"e0498f6\" data-element_type=\"widget\" data-e-type=\"widget\" data-settings=\"{&quot;youtube_url&quot;:&quot;https:\\\/\\\/youtu.be\\\/yjTYCFZgXoc&quot;,&quot;video_type&quot;:&quot;youtube&quot;,&quot;controls&quot;:&quot;yes&quot;}\" data-widget_type=\"video.default\">\n\t\t\t\t<div class=\"elementor-widget-container\">\n\t\t\t\t\t\t\t<div class=\"elementor-wrapper elementor-open-inline\">\n\t\t\t<div class=\"elementor-video\"><\/div>\t\t<\/div>\n\t\t\t\t\t\t<\/div>\n\t\t\t\t<\/div>\n\t\t\t\t<div class=\"elementor-element elementor-element-e233cc9 header-divider-center elementor-widget-divider--view-line elementor-widget elementor-widget-divider\" data-id=\"e233cc9\" data-element_type=\"widget\" data-e-type=\"widget\" data-widget_type=\"divider.default\">\n\t\t\t\t<div class=\"elementor-widget-container\">\n\t\t\t\t\t\t\t<div class=\"elementor-divider\">\n\t\t\t<span class=\"elementor-divider-separator\">\n\t\t\t\t\t\t<\/span>\n\t\t<\/div>\n\t\t\t\t\t\t<\/div>\n\t\t\t\t<\/div>\n\t\t\t\t\t<\/div>\n\t\t\t\t<\/div>\n\t\t\t\t<section class=\"elementor-section elementor-top-section elementor-element elementor-element-1220f6c elementor-hidden-desktop elementor-hidden-tablet elementor-hidden-mobile elementor-section-boxed elementor-section-height-default elementor-section-height-default\" data-id=\"1220f6c\" data-element_type=\"section\" data-e-type=\"section\">\n\t\t\t\t\t\t<div class=\"elementor-container elementor-column-gap-default\">\n\t\t\t\t\t<div class=\"elementor-column elementor-col-100 elementor-top-column elementor-element elementor-element-61918b3\" data-id=\"61918b3\" data-element_type=\"column\" data-e-type=\"column\">\n\t\t\t<div class=\"elementor-widget-wrap elementor-element-populated\">\n\t\t\t\t\t\t<div class=\"elementor-element elementor-element-d519934 elementor-widget-tablet__width-initial elementor-widget elementor-widget-heading\" data-id=\"d519934\" data-element_type=\"widget\" data-e-type=\"widget\" data-widget_type=\"heading.default\">\n\t\t\t\t<div class=\"elementor-widget-container\">\n\t\t\t\t\t<h2 class=\"elementor-heading-title elementor-size-default\">Nos artistes invit\u00e9s cette saison<\/h2>\t\t\t\t<\/div>\n\t\t\t\t<\/div>\n\t\t\t\t<div class=\"elementor-element elementor-element-5badb4f header-divider-center elementor-widget-divider--view-line elementor-widget elementor-widget-divider\" data-id=\"5badb4f\" data-element_type=\"widget\" data-e-type=\"widget\" data-widget_type=\"divider.default\">\n\t\t\t\t<div class=\"elementor-widget-container\">\n\t\t\t\t\t\t\t<div class=\"elementor-divider\">\n\t\t\t<span class=\"elementor-divider-separator\">\n\t\t\t\t\t\t<\/span>\n\t\t<\/div>\n\t\t\t\t\t\t<\/div>\n\t\t\t\t<\/div>\n\t\t\t\t<div class=\"elementor-element elementor-element-225c95c elementor-widget elementor-widget-spacer\" data-id=\"225c95c\" data-element_type=\"widget\" data-e-type=\"widget\" data-widget_type=\"spacer.default\">\n\t\t\t\t<div class=\"elementor-widget-container\">\n\t\t\t\t\t\t\t<div class=\"elementor-spacer\">\n\t\t\t<div class=\"elementor-spacer-inner\"><\/div>\n\t\t<\/div>\n\t\t\t\t\t\t<\/div>\n\t\t\t\t<\/div>\n\t\t\t\t<div class=\"elementor-element elementor-element-f080789 members-defaults-hover-yes elementor-divided-content elementor-invisible elementor-widget elementor-widget-team-carousel\" data-id=\"f080789\" data-element_type=\"widget\" data-e-type=\"widget\" data-settings=\"{&quot;data_margin&quot;:30,&quot;nav_layout&quot;:&quot;nav-layout-1&quot;,&quot;data_autoplaytimeout&quot;:5000,&quot;_animation&quot;:&quot;fadeInUp&quot;,&quot;data_responsive_sm&quot;:3,&quot;data_responsive_lg&quot;:3,&quot;data_responsive_xs&quot;:1,&quot;data_nav&quot;:&quot;yes&quot;}\" data-widget_type=\"team-carousel.default\">\n\t\t\t\t<div class=\"elementor-widget-container\">\n\t\t\t\t\t\t\t<div class=\"owl-team-carousel-container\">\n\t\t\t\t\t\t<div id=\"widget_portfolio_carousel_69eabe98bd95c\" class=\"owl-carousel team-slider nav-layout-1 item-style-2 \" data-loop=\"false\" data-autoplay=\"false\" data-autoplaytimeout=\"5000\" data-center=\"false\" data-nav=\"true\" data-margin=\"30\" data-responsive-lg=\"3\" data-responsive-sm=\"3\" data-responsive-xs=\"1\">\n\t\t\t\t\t\t\t\t\t<div class=\"owl-carousel-item\">\n\t\t\t\t\t\t<div class=\"mwt-elementor-team-carousel-image-wrap\">\n\t\t\t\t\t\t\t<img decoding=\"async\" class=\"slide-image\" src=\"https:\/\/arionbaroque.com\/wp-content\/uploads\/2024\/03\/image-fotor-20240313155225-500x800.jpg\" alt=\"MATHIEU LUSSIER\" \/>\t\t\t\t\t\t\t\t\t\t\t\t\t<\/div>\n\t\t\t\t\t\t\t\t\t\t\t\t<div class=\"mwt-elementor-team-carousel-content-wrap\">\n\t\t\t\t\t\t\t\t\t\t\t\t\t\t\t<div class=\"mwt-elementor-team-carousel-name\">\n\t\t\t\t\t\t\t\t\tMATHIEU LUSSIER\t\t\t\t\t\t\t\t<\/div>\n\t\t\t\t\t\t\t\t\t\t\t\t\t\t\t\t\t\t\t\t\t\t<div class=\"mwt-elementor-team-carousel-position\">\n\t\t\t\t\t\t\t\t\tDirection\t\t\t\t\t\t\t\t<\/div>\n\t\t\t\t\t\t\t\t\t\t\t\t\t\t\t\t\t\t\t\t\t\t\t\t\t\t\t\t\t\t\t\t\t\t\t\t\t<ul class=\"mwt-elementor-team-carousel-social-list\">\n\t\t\t\t\t\t\t\t\t\t\t\t\t\t\t\t\t<\/ul>\n\t\t\t\t\t\t\t\t<div class=\"mwt-elementor-team-carousel-hover-content\">\n\t\t\t\t\t\t\t\t\t\t\t\t\t\t\t\t\t\t\t\t\t\t\t\t\t\t\t\t<a href=\"\/fr\/artistes\/mathieu-lussier\/\" class=\"mwt-elementor-team-carousel-button\">Voir<\/a>\n\t\t\t\t\t\t\t\t\t\t\t\t\t\t\t\t\t<\/div>\n\t\t\t\t\t\t\t\t\t\t\t\t\t<\/div>\n\t\t\t\t\t<\/div>\n\t\t\t\t\t\t\t\t\t<div class=\"owl-carousel-item\">\n\t\t\t\t\t\t<div class=\"mwt-elementor-team-carousel-image-wrap\">\n\t\t\t\t\t\t\t<img decoding=\"async\" class=\"slide-image\" src=\"https:\/\/arionbaroque.com\/wp-content\/uploads\/2024\/09\/EmmaFekete-TamPhotography-3-980x1047-3042282137-500x800.jpg\" alt=\"EMMA FEKETE\" \/>\t\t\t\t\t\t\t\t\t\t\t\t\t<\/div>\n\t\t\t\t\t\t\t\t\t\t\t\t<div class=\"mwt-elementor-team-carousel-content-wrap\">\n\t\t\t\t\t\t\t\t\t\t\t\t\t\t\t<div class=\"mwt-elementor-team-carousel-name\">\n\t\t\t\t\t\t\t\t\tEMMA FEKETE\t\t\t\t\t\t\t\t<\/div>\n\t\t\t\t\t\t\t\t\t\t\t\t\t\t\t\t\t\t\t\t\t\t<div class=\"mwt-elementor-team-carousel-position\">\n\t\t\t\t\t\t\t\t\tSoprano\t\t\t\t\t\t\t\t<\/div>\n\t\t\t\t\t\t\t\t\t\t\t\t\t\t\t\t\t\t\t\t\t\t\t\t\t\t\t\t\t\t\t\t\t\t\t\t\t<ul class=\"mwt-elementor-team-carousel-social-list\">\n\t\t\t\t\t\t\t\t\t\t\t\t\t\t\t\t\t<\/ul>\n\t\t\t\t\t\t\t\t<div class=\"mwt-elementor-team-carousel-hover-content\">\n\t\t\t\t\t\t\t\t\t\t\t\t\t\t\t\t\t\t\t\t\t\t\t\t\t\t\t\t<a href=\"\/fr\/artistes\/emma-fekete\/\" class=\"mwt-elementor-team-carousel-button\">Voir<\/a>\n\t\t\t\t\t\t\t\t\t\t\t\t\t\t\t\t\t<\/div>\n\t\t\t\t\t\t\t\t\t\t\t\t\t<\/div>\n\t\t\t\t\t<\/div>\n\t\t\t\t\t\t\t\t\t<div class=\"owl-carousel-item\">\n\t\t\t\t\t\t<div class=\"mwt-elementor-team-carousel-image-wrap\">\n\t\t\t\t\t\t\t<img decoding=\"async\" class=\"slide-image\" src=\"https:\/\/arionbaroque.com\/wp-content\/uploads\/2025\/06\/Chouchane-Siranossian-HI-RES-01-500x800.jpg\" alt=\"CHOUCHANE SIRANOSSIAN\" \/>\t\t\t\t\t\t\t\t\t\t\t\t\t<\/div>\n\t\t\t\t\t\t\t\t\t\t\t\t<div class=\"mwt-elementor-team-carousel-content-wrap\">\n\t\t\t\t\t\t\t\t\t\t\t\t\t\t\t<div class=\"mwt-elementor-team-carousel-name\">\n\t\t\t\t\t\t\t\t\tCHOUCHANE SIRANOSSIAN\t\t\t\t\t\t\t\t<\/div>\n\t\t\t\t\t\t\t\t\t\t\t\t\t\t\t\t\t\t\t\t\t\t<div class=\"mwt-elementor-team-carousel-position\">\n\t\t\t\t\t\t\t\t\tViolon et direction\t\t\t\t\t\t\t\t<\/div>\n\t\t\t\t\t\t\t\t\t\t\t\t\t\t\t\t\t\t\t\t\t\t\t\t\t\t\t\t\t\t\t\t\t\t\t\t\t<ul class=\"mwt-elementor-team-carousel-social-list\">\n\t\t\t\t\t\t\t\t\t\t\t\t\t\t\t\t\t<\/ul>\n\t\t\t\t\t\t\t\t<div class=\"mwt-elementor-team-carousel-hover-content\">\n\t\t\t\t\t\t\t\t\t\t\t\t\t\t\t\t\t\t\t\t\t\t\t\t\t\t\t\t<a href=\"\/fr\/artistes\/chouchane-siranossian\/\" class=\"mwt-elementor-team-carousel-button\">Voir<\/a>\n\t\t\t\t\t\t\t\t\t\t\t\t\t\t\t\t\t<\/div>\n\t\t\t\t\t\t\t\t\t\t\t\t\t<\/div>\n\t\t\t\t\t<\/div>\n\t\t\t\t\t\t\t<\/div>\n\t\t<\/div>\n\t\t\t\t<\/div>\n\t\t\t\t<\/div>\n\t\t\t\t<section class=\"elementor-section elementor-inner-section elementor-element elementor-element-84b0faa elementor-section-boxed elementor-section-height-default elementor-section-height-default\" data-id=\"84b0faa\" data-element_type=\"section\" data-e-type=\"section\">\n\t\t\t\t\t\t<div class=\"elementor-container elementor-column-gap-default\">\n\t\t\t\t\t<div class=\"elementor-column elementor-col-100 elementor-inner-column elementor-element elementor-element-867251e\" data-id=\"867251e\" data-element_type=\"column\" data-e-type=\"column\">\n\t\t\t<div class=\"elementor-widget-wrap elementor-element-populated\">\n\t\t\t\t\t\t<div class=\"elementor-element elementor-element-db5bb7a elementor-align-center elementor-widget elementor-widget-button\" data-id=\"db5bb7a\" data-element_type=\"widget\" data-e-type=\"widget\" data-widget_type=\"button.default\">\n\t\t\t\t<div class=\"elementor-widget-container\">\n\t\t\t\t\t\t\t\t\t<div class=\"elementor-button-wrapper\">\n\t\t\t\t\t<a class=\"elementor-button elementor-button-link elementor-size-sm\" href=\"https:\/\/arionbaroque.com\/fr\/artistes\/\">\n\t\t\t\t\t\t<span class=\"elementor-button-content-wrapper\">\n\t\t\t\t\t\t\t\t\t<span class=\"elementor-button-text\">Cliquez pour voir tous les artistes<\/span>\n\t\t\t\t\t<\/span>\n\t\t\t\t\t<\/a>\n\t\t\t\t<\/div>\n\t\t\t\t\t\t\t\t<\/div>\n\t\t\t\t<\/div>\n\t\t\t\t\t<\/div>\n\t\t<\/div>\n\t\t\t\t\t<\/div>\n\t\t<\/section>\n\t\t\t\t\t<\/div>\n\t\t<\/div>\n\t\t\t\t\t<\/div>\n\t\t<\/section>\n\t\t\t\t<section class=\"elementor-section elementor-top-section elementor-element elementor-element-d51c1d6 elementor-section-boxed elementor-section-height-default elementor-section-height-default\" data-id=\"d51c1d6\" data-element_type=\"section\" data-e-type=\"section\" id=\"featured-video\" data-settings=\"{&quot;background_background&quot;:&quot;classic&quot;}\">\n\t\t\t\t\t\t\t<div class=\"elementor-background-overlay\"><\/div>\n\t\t\t\t\t\t\t<div class=\"elementor-container elementor-column-gap-default\">\n\t\t\t\t\t<div class=\"elementor-column elementor-col-100 elementor-top-column elementor-element elementor-element-b55f153\" data-id=\"b55f153\" data-element_type=\"column\" data-e-type=\"column\">\n\t\t\t<div class=\"elementor-widget-wrap elementor-element-populated\">\n\t\t\t\t\t\t<div class=\"elementor-element elementor-element-04964c6 elementor-align-center elementor-widget elementor-widget-button\" data-id=\"04964c6\" data-element_type=\"widget\" data-e-type=\"widget\" data-widget_type=\"button.default\">\n\t\t\t\t<div class=\"elementor-widget-container\">\n\t\t\t\t\t\t\t\t\t<div class=\"elementor-button-wrapper\">\n\t\t\t\t\t<a class=\"elementor-button elementor-button-link elementor-size-sm\" href=\"https:\/\/www.youtube.com\/watch?v=19zDdEsAmf0\">\n\t\t\t\t\t\t<span class=\"elementor-button-content-wrapper\">\n\t\t\t\t\t\t<span class=\"elementor-button-icon\">\n\t\t\t\t<i aria-hidden=\"true\" class=\"fas fa-play\"><\/i>\t\t\t<\/span>\n\t\t\t\t\t\t\t\t<\/span>\n\t\t\t\t\t<\/a>\n\t\t\t\t<\/div>\n\t\t\t\t\t\t\t\t<\/div>\n\t\t\t\t<\/div>\n\t\t\t\t<div class=\"elementor-element elementor-element-3c3c1a1 elementor-widget elementor-widget-heading\" data-id=\"3c3c1a1\" data-element_type=\"widget\" data-e-type=\"widget\" data-widget_type=\"heading.default\">\n\t\t\t\t<div class=\"elementor-widget-container\">\n\t\t\t\t\t<h2 class=\"elementor-heading-title elementor-size-default\">Jean-Marie Leclair: <br \/>Scylla et Glaucus <\/h2>\t\t\t\t<\/div>\n\t\t\t\t<\/div>\n\t\t\t\t<div class=\"elementor-element elementor-element-a5f8932 elementor-widget elementor-widget-heading\" data-id=\"a5f8932\" data-element_type=\"widget\" data-e-type=\"widget\" data-widget_type=\"heading.default\">\n\t\t\t\t<div class=\"elementor-widget-container\">\n\t\t\t\t\t<h5 class=\"elementor-heading-title elementor-size-default\"> ouverture<\/h5>\t\t\t\t<\/div>\n\t\t\t\t<\/div>\n\t\t\t\t\t<\/div>\n\t\t<\/div>\n\t\t\t\t\t<\/div>\n\t\t<\/section>\n\t\t\t\t<\/div>\n\t\t","protected":false},"excerpt":{"rendered":"<p>T\u00e9l\u00e9chargez la brochure Nos artistes invit\u00e9s cette saison MATHIEU LUSSIER Direction Voir EMMA FEKETE Soprano Voir CHOUCHANE SIRANOSSIAN Violon et direction Voir Cliquez pour voir tous les artistes Jean-Marie Leclair: Scylla et Glaucus ouverture <span class=\"more-tag\"><a class=\"more-link\" href=\"https:\/\/arionbaroque.com\/fr\/\">Read More<span class=\"screen-reader-text\"> \"Page D&#8217;accueil\"<\/span><\/a><\/span><!-- .more-tag --><\/p>\n","protected":false},"author":2,"featured_media":0,"parent":0,"menu_order":0,"comment_status":"closed","ping_status":"closed","template":"page-templates\/full-width.php","meta":{"_acf_changed":false,"footnotes":""},"class_list":["post-3926","page","type-page","status-publish","hentry"],"acf":[],"_links":{"self":[{"href":"https:\/\/arionbaroque.com\/fr\/wp-json\/wp\/v2\/pages\/3926","targetHints":{"allow":["GET"]}}],"collection":[{"href":"https:\/\/arionbaroque.com\/fr\/wp-json\/wp\/v2\/pages"}],"about":[{"href":"https:\/\/arionbaroque.com\/fr\/wp-json\/wp\/v2\/types\/page"}],"author":[{"embeddable":true,"href":"https:\/\/arionbaroque.com\/fr\/wp-json\/wp\/v2\/users\/2"}],"replies":[{"embeddable":true,"href":"https:\/\/arionbaroque.com\/fr\/wp-json\/wp\/v2\/comments?post=3926"}],"version-history":[{"count":633,"href":"https:\/\/arionbaroque.com\/fr\/wp-json\/wp\/v2\/pages\/3926\/revisions"}],"predecessor-version":[{"id":14361,"href":"https:\/\/arionbaroque.com\/fr\/wp-json\/wp\/v2\/pages\/3926\/revisions\/14361"}],"wp:attachment":[{"href":"https:\/\/arionbaroque.com\/fr\/wp-json\/wp\/v2\/media?parent=3926"}],"curies":[{"name":"wp","href":"https:\/\/api.w.org\/{rel}","templated":true}]}}