{"id":7508,"date":"2024-05-16T18:33:35","date_gmt":"2024-05-16T22:33:35","guid":{"rendered":"https:\/\/arionbaroque.com\/partenaires-culturels\/"},"modified":"2026-01-30T20:46:50","modified_gmt":"2026-01-31T00:46:50","slug":"ententes-culturelles","status":"publish","type":"page","link":"https:\/\/arionbaroque.com\/fr\/ententes-culturelles\/","title":{"rendered":"Ententes culturelles"},"content":{"rendered":"\t\t<div data-elementor-type=\"wp-page\" data-elementor-id=\"7508\" class=\"elementor elementor-7508 elementor-4390\" data-elementor-post-type=\"page\">\n\t\t\t\t\t\t<section class=\"elementor-section elementor-top-section elementor-element elementor-element-3bfda38 elementor-section-height-min-height elementor-section-boxed elementor-section-height-default elementor-section-items-middle\" data-id=\"3bfda38\" data-element_type=\"section\" data-e-type=\"section\" data-settings=\"{&quot;background_background&quot;:&quot;classic&quot;,&quot;motion_fx_motion_fx_scrolling&quot;:&quot;yes&quot;,&quot;animation&quot;:&quot;none&quot;,&quot;motion_fx_devices&quot;:[&quot;desktop&quot;,&quot;tablet&quot;,&quot;mobile&quot;]}\">\n\t\t\t\t\t\t\t<div class=\"elementor-background-overlay\"><\/div>\n\t\t\t\t\t\t\t<div class=\"elementor-container elementor-column-gap-default\">\n\t\t\t\t\t<div class=\"elementor-column elementor-col-100 elementor-top-column elementor-element elementor-element-659858f\" data-id=\"659858f\" data-element_type=\"column\" data-e-type=\"column\">\n\t\t\t<div class=\"elementor-widget-wrap elementor-element-populated\">\n\t\t\t\t\t\t<div class=\"elementor-element elementor-element-1acef28 elementor-widget elementor-widget-heading\" data-id=\"1acef28\" data-element_type=\"widget\" data-e-type=\"widget\" data-widget_type=\"heading.default\">\n\t\t\t\t<div class=\"elementor-widget-container\">\n\t\t\t\t\t<h1 class=\"elementor-heading-title elementor-size-default\">Ententes culturelles<\/h1>\t\t\t\t<\/div>\n\t\t\t\t<\/div>\n\t\t\t\t\t<\/div>\n\t\t<\/div>\n\t\t\t\t\t<\/div>\n\t\t<\/section>\n\t\t\t\t<section class=\"elementor-section elementor-top-section elementor-element elementor-element-8858606 elementor-reverse-tablet elementor-reverse-mobile elementor-section-boxed elementor-section-height-default elementor-section-height-default\" data-id=\"8858606\" data-element_type=\"section\" data-e-type=\"section\">\n\t\t\t\t\t\t<div class=\"elementor-container elementor-column-gap-default\">\n\t\t\t\t\t<div class=\"elementor-column elementor-col-50 elementor-top-column elementor-element elementor-element-3a0b1e1\" data-id=\"3a0b1e1\" data-element_type=\"column\" data-e-type=\"column\">\n\t\t\t<div class=\"elementor-widget-wrap elementor-element-populated\">\n\t\t\t\t\t\t<div class=\"elementor-element elementor-element-7cf63d9 elementor-widget elementor-widget-heading\" data-id=\"7cf63d9\" data-element_type=\"widget\" data-e-type=\"widget\" data-widget_type=\"heading.default\">\n\t\t\t\t<div class=\"elementor-widget-container\">\n\t\t\t\t\t<h2 class=\"elementor-heading-title elementor-size-default\">Nos ententes culturelles <\/h2>\t\t\t\t<\/div>\n\t\t\t\t<\/div>\n\t\t\t\t<div class=\"elementor-element elementor-element-add1b9b header-divider elementor-widget__width-initial elementor-widget-divider--view-line elementor-widget elementor-widget-divider\" data-id=\"add1b9b\" data-element_type=\"widget\" data-e-type=\"widget\" data-widget_type=\"divider.default\">\n\t\t\t\t<div class=\"elementor-widget-container\">\n\t\t\t\t\t\t\t<div class=\"elementor-divider\">\n\t\t\t<span class=\"elementor-divider-separator\">\n\t\t\t\t\t\t<\/span>\n\t\t<\/div>\n\t\t\t\t\t\t<\/div>\n\t\t\t\t<\/div>\n\t\t\t\t<div class=\"elementor-element elementor-element-e78d07b elementor-widget elementor-widget-heading\" data-id=\"e78d07b\" data-element_type=\"widget\" data-e-type=\"widget\" data-widget_type=\"heading.default\">\n\t\t\t\t<div class=\"elementor-widget-container\">\n\t\t\t\t\t<h2 class=\"elementor-heading-title elementor-size-default\">abonnement&nbsp;<br>=&nbsp;<br>Avantages exclusifs<\/h2>\t\t\t\t<\/div>\n\t\t\t\t<\/div>\n\t\t\t\t<div class=\"elementor-element elementor-element-bbe81f2 elementor-widget elementor-widget-heading\" data-id=\"bbe81f2\" data-element_type=\"widget\" data-e-type=\"widget\" data-widget_type=\"heading.default\">\n\t\t\t\t<div class=\"elementor-widget-container\">\n\t\t\t\t\t<p class=\"elementor-heading-title elementor-size-default\">\u00catre d\u00e9tenteur d'un abonnement aux concerts d\u2019Arion Orchestre Baroque, c'est avoir acc\u00e8s \u00e0 bien plus que des repr\u00e9sentations captivantes. En effet, gr\u00e2ce \u00e0 nos pr\u00e9cieux partenariats avec les institutions culturelles de la ville, il est possible de b\u00e9n\u00e9ficier d\u2019offres et de r\u00e9ductions exclusives.  <\/p>\t\t\t\t<\/div>\n\t\t\t\t<\/div>\n\t\t\t\t\t<\/div>\n\t\t<\/div>\n\t\t\t\t<div class=\"elementor-column elementor-col-50 elementor-top-column elementor-element elementor-element-f49f5b4\" data-id=\"f49f5b4\" data-element_type=\"column\" data-e-type=\"column\">\n\t\t\t<div class=\"elementor-widget-wrap elementor-element-populated\">\n\t\t\t\t\t\t<div class=\"elementor-element elementor-element-e8aac91 elementor-widget elementor-widget-image\" data-id=\"e8aac91\" data-element_type=\"widget\" data-e-type=\"widget\" data-widget_type=\"image.default\">\n\t\t\t\t<div class=\"elementor-widget-container\">\n\t\t\t\t\t\t\t\t\t\t\t\t\t\t\t<img fetchpriority=\"high\" decoding=\"async\" width=\"500\" height=\"800\" src=\"https:\/\/arionbaroque.com\/wp-content\/uploads\/2026\/01\/LesAdieux-ArionBaroque-TamPhotography-36-2-500x800.jpg\" class=\"attachment-hyphoria-small-width size-hyphoria-small-width wp-image-15566\" alt=\"\" \/>\t\t\t\t\t\t\t\t\t\t\t\t\t\t\t<\/div>\n\t\t\t\t<\/div>\n\t\t\t\t\t<\/div>\n\t\t<\/div>\n\t\t\t\t\t<\/div>\n\t\t<\/section>\n\t\t\t\t<section class=\"elementor-section elementor-top-section elementor-element elementor-element-c5a211b elementor-reverse-tablet elementor-reverse-mobile elementor-section-content-middle elementor-section-boxed elementor-section-height-default elementor-section-height-default\" data-id=\"c5a211b\" data-element_type=\"section\" data-e-type=\"section\">\n\t\t\t\t\t\t<div class=\"elementor-container elementor-column-gap-default\">\n\t\t\t\t\t<div class=\"elementor-column elementor-col-50 elementor-top-column elementor-element elementor-element-93312c0 elementor-invisible\" data-id=\"93312c0\" data-element_type=\"column\" data-e-type=\"column\" data-settings=\"{&quot;animation&quot;:&quot;fadeInLeft&quot;}\">\n\t\t\t<div class=\"elementor-widget-wrap elementor-element-populated\">\n\t\t\t\t\t\t<div class=\"elementor-element elementor-element-039a9ad elementor-widget elementor-widget-heading\" data-id=\"039a9ad\" data-element_type=\"widget\" data-e-type=\"widget\" data-widget_type=\"heading.default\">\n\t\t\t\t<div class=\"elementor-widget-container\">\n\t\t\t\t\t<h2 class=\"elementor-heading-title elementor-size-default\">B\u00e9n\u00e9ficiez de 15 % de r\u00e9duction chez<\/h2>\t\t\t\t<\/div>\n\t\t\t\t<\/div>\n\t\t\t\t<div class=\"elementor-element elementor-element-56ce111 header-divider elementor-widget__width-initial elementor-widget-divider--view-line elementor-widget elementor-widget-divider\" data-id=\"56ce111\" data-element_type=\"widget\" data-e-type=\"widget\" data-widget_type=\"divider.default\">\n\t\t\t\t<div class=\"elementor-widget-container\">\n\t\t\t\t\t\t\t<div class=\"elementor-divider\">\n\t\t\t<span class=\"elementor-divider-separator\">\n\t\t\t\t\t\t<\/span>\n\t\t<\/div>\n\t\t\t\t\t\t<\/div>\n\t\t\t\t<\/div>\n\t\t\t\t<div class=\"elementor-element elementor-element-7524aee elementor-widget elementor-widget-spacer\" data-id=\"7524aee\" data-element_type=\"widget\" data-e-type=\"widget\" data-widget_type=\"spacer.default\">\n\t\t\t\t<div class=\"elementor-widget-container\">\n\t\t\t\t\t\t\t<div class=\"elementor-spacer\">\n\t\t\t<div class=\"elementor-spacer-inner\"><\/div>\n\t\t<\/div>\n\t\t\t\t\t\t<\/div>\n\t\t\t\t<\/div>\n\t\t\t\t\t<\/div>\n\t\t<\/div>\n\t\t\t\t<div class=\"elementor-column elementor-col-50 elementor-top-column elementor-element elementor-element-f30fe59 elementor-invisible\" data-id=\"f30fe59\" data-element_type=\"column\" data-e-type=\"column\" data-settings=\"{&quot;animation&quot;:&quot;fadeInLeft&quot;}\">\n\t\t\t<div class=\"elementor-widget-wrap elementor-element-populated\">\n\t\t\t\t\t\t<div class=\"elementor-element elementor-element-688db2f gallery-spacing-custom elementor-widget elementor-widget-image-gallery\" data-id=\"688db2f\" data-element_type=\"widget\" data-e-type=\"widget\" data-widget_type=\"image-gallery.default\">\n\t\t\t\t<div class=\"elementor-widget-container\">\n\t\t\t\t\t\t\t<div class=\"elementor-image-gallery\">\n\t\t\t<div id='gallery-1' class='gallery galleryid-7508 gallery-columns-5 gallery-size-full'><figure class='gallery-item'>\n\t\t\t<div class='gallery-icon landscape'>\n\t\t\t\t<a data-elementor-open-lightbox=\"no\" href='https:\/\/arionbaroque.com\/wp-content\/uploads\/2026\/01\/TOHU_Logo-A_Jaune.png'><img decoding=\"async\" width=\"1005\" height=\"911\" src=\"https:\/\/arionbaroque.com\/wp-content\/uploads\/2026\/01\/TOHU_Logo-A_Jaune.png\" class=\"attachment-full size-full\" alt=\"\" srcset=\"https:\/\/arionbaroque.com\/wp-content\/uploads\/2026\/01\/TOHU_Logo-A_Jaune.png 1005w, https:\/\/arionbaroque.com\/wp-content\/uploads\/2026\/01\/TOHU_Logo-A_Jaune-300x272.png 300w, https:\/\/arionbaroque.com\/wp-content\/uploads\/2026\/01\/TOHU_Logo-A_Jaune-768x696.png 768w\" sizes=\"(max-width: 1005px) 100vw, 1005px\" \/><\/a>\n\t\t\t<\/div><\/figure><figure class='gallery-item'>\n\t\t\t<div class='gallery-icon landscape'>\n\t\t\t\t<a data-elementor-open-lightbox=\"no\" href='https:\/\/arionbaroque.com\/wp-content\/uploads\/2026\/01\/MBAM-BlocMarque-FR-RGB-Noir-scaled.png'><img decoding=\"async\" width=\"2560\" height=\"854\" src=\"https:\/\/arionbaroque.com\/wp-content\/uploads\/2026\/01\/MBAM-BlocMarque-FR-RGB-Noir-scaled.png\" class=\"attachment-full size-full\" alt=\"\" srcset=\"https:\/\/arionbaroque.com\/wp-content\/uploads\/2026\/01\/MBAM-BlocMarque-FR-RGB-Noir-scaled.png 2560w, https:\/\/arionbaroque.com\/wp-content\/uploads\/2026\/01\/MBAM-BlocMarque-FR-RGB-Noir-300x100.png 300w, https:\/\/arionbaroque.com\/wp-content\/uploads\/2026\/01\/MBAM-BlocMarque-FR-RGB-Noir-1024x342.png 1024w, https:\/\/arionbaroque.com\/wp-content\/uploads\/2026\/01\/MBAM-BlocMarque-FR-RGB-Noir-768x256.png 768w, https:\/\/arionbaroque.com\/wp-content\/uploads\/2026\/01\/MBAM-BlocMarque-FR-RGB-Noir-1536x512.png 1536w, https:\/\/arionbaroque.com\/wp-content\/uploads\/2026\/01\/MBAM-BlocMarque-FR-RGB-Noir-2048x683.png 2048w\" sizes=\"(max-width: 2560px) 100vw, 2560px\" \/><\/a>\n\t\t\t<\/div><\/figure><figure class='gallery-item'>\n\t\t\t<div class='gallery-icon landscape'>\n\t\t\t\t<a data-elementor-open-lightbox=\"no\" href='https:\/\/arionbaroque.com\/wp-content\/uploads\/2026\/01\/TRV_Vert_hPhrase.png'><img loading=\"lazy\" decoding=\"async\" width=\"956\" height=\"509\" src=\"https:\/\/arionbaroque.com\/wp-content\/uploads\/2026\/01\/TRV_Vert_hPhrase.png\" class=\"attachment-full size-full\" alt=\"\" srcset=\"https:\/\/arionbaroque.com\/wp-content\/uploads\/2026\/01\/TRV_Vert_hPhrase.png 956w, https:\/\/arionbaroque.com\/wp-content\/uploads\/2026\/01\/TRV_Vert_hPhrase-300x160.png 300w, https:\/\/arionbaroque.com\/wp-content\/uploads\/2026\/01\/TRV_Vert_hPhrase-768x409.png 768w\" sizes=\"(max-width: 956px) 100vw, 956px\" \/><\/a>\n\t\t\t<\/div><\/figure>\n\t\t<\/div>\n\t\t<\/div>\n\t\t\t\t\t\t<\/div>\n\t\t\t\t<\/div>\n\t\t\t\t<div class=\"elementor-element elementor-element-6b762e0 elementor-widget elementor-widget-spacer\" data-id=\"6b762e0\" data-element_type=\"widget\" data-e-type=\"widget\" data-widget_type=\"spacer.default\">\n\t\t\t\t<div class=\"elementor-widget-container\">\n\t\t\t\t\t\t\t<div class=\"elementor-spacer\">\n\t\t\t<div class=\"elementor-spacer-inner\"><\/div>\n\t\t<\/div>\n\t\t\t\t\t\t<\/div>\n\t\t\t\t<\/div>\n\t\t\t\t\t<\/div>\n\t\t<\/div>\n\t\t\t\t\t<\/div>\n\t\t<\/section>\n\t\t\t\t<section class=\"elementor-section elementor-top-section elementor-element elementor-element-03fc333 elementor-reverse-tablet elementor-reverse-mobile elementor-section-content-middle elementor-section-boxed elementor-section-height-default elementor-section-height-default\" data-id=\"03fc333\" data-element_type=\"section\" data-e-type=\"section\">\n\t\t\t\t\t\t<div class=\"elementor-container elementor-column-gap-default\">\n\t\t\t\t\t<div class=\"elementor-column elementor-col-50 elementor-top-column elementor-element elementor-element-3aa71dc elementor-invisible\" data-id=\"3aa71dc\" data-element_type=\"column\" data-e-type=\"column\" data-settings=\"{&quot;animation&quot;:&quot;fadeInLeft&quot;}\">\n\t\t\t<div class=\"elementor-widget-wrap elementor-element-populated\">\n\t\t\t\t\t\t<div class=\"elementor-element elementor-element-042a827 elementor-widget elementor-widget-heading\" data-id=\"042a827\" data-element_type=\"widget\" data-e-type=\"widget\" data-widget_type=\"heading.default\">\n\t\t\t\t<div class=\"elementor-widget-container\">\n\t\t\t\t\t<h2 class=\"elementor-heading-title elementor-size-default\">B\u00e9n\u00e9ficiez de 10 % de r\u00e9duction chez<\/h2>\t\t\t\t<\/div>\n\t\t\t\t<\/div>\n\t\t\t\t<div class=\"elementor-element elementor-element-fde37b8 header-divider elementor-widget__width-initial elementor-widget-divider--view-line elementor-widget elementor-widget-divider\" data-id=\"fde37b8\" data-element_type=\"widget\" data-e-type=\"widget\" data-widget_type=\"divider.default\">\n\t\t\t\t<div class=\"elementor-widget-container\">\n\t\t\t\t\t\t\t<div class=\"elementor-divider\">\n\t\t\t<span class=\"elementor-divider-separator\">\n\t\t\t\t\t\t<\/span>\n\t\t<\/div>\n\t\t\t\t\t\t<\/div>\n\t\t\t\t<\/div>\n\t\t\t\t\t<\/div>\n\t\t<\/div>\n\t\t\t\t<div class=\"elementor-column elementor-col-50 elementor-top-column elementor-element elementor-element-00a6ad3 elementor-invisible\" data-id=\"00a6ad3\" data-element_type=\"column\" data-e-type=\"column\" data-settings=\"{&quot;animation&quot;:&quot;fadeInLeft&quot;}\">\n\t\t\t<div class=\"elementor-widget-wrap elementor-element-populated\">\n\t\t\t\t\t\t<div class=\"elementor-element elementor-element-8f0d927 elementor-widget elementor-widget-spacer\" data-id=\"8f0d927\" data-element_type=\"widget\" data-e-type=\"widget\" data-widget_type=\"spacer.default\">\n\t\t\t\t<div class=\"elementor-widget-container\">\n\t\t\t\t\t\t\t<div class=\"elementor-spacer\">\n\t\t\t<div class=\"elementor-spacer-inner\"><\/div>\n\t\t<\/div>\n\t\t\t\t\t\t<\/div>\n\t\t\t\t<\/div>\n\t\t\t\t<div class=\"elementor-element elementor-element-f78240e elementor-widget elementor-widget-image-gallery\" data-id=\"f78240e\" data-element_type=\"widget\" data-e-type=\"widget\" data-widget_type=\"image-gallery.default\">\n\t\t\t\t<div class=\"elementor-widget-container\">\n\t\t\t\t\t\t\t<div class=\"elementor-image-gallery\">\n\t\t\t<div id='gallery-2' class='gallery galleryid-7508 gallery-columns-3 gallery-size-full'><figure class='gallery-item'>\n\t\t\t<div class='gallery-icon landscape'>\n\t\t\t\t<a data-elementor-open-lightbox=\"no\" href='https:\/\/arionbaroque.com\/wp-content\/uploads\/2024\/05\/Screen-Shot-2024-05-16-at-2.43.43-PM.png'><img loading=\"lazy\" decoding=\"async\" width=\"199\" height=\"88\" src=\"https:\/\/arionbaroque.com\/wp-content\/uploads\/2024\/05\/Screen-Shot-2024-05-16-at-2.43.43-PM.png\" class=\"attachment-full size-full\" alt=\"\" \/><\/a>\n\t\t\t<\/div><\/figure>\n\t\t<\/div>\n\t\t<\/div>\n\t\t\t\t\t\t<\/div>\n\t\t\t\t<\/div>\n\t\t\t\t\t<\/div>\n\t\t<\/div>\n\t\t\t\t\t<\/div>\n\t\t<\/section>\n\t\t\t\t<section class=\"elementor-section elementor-top-section elementor-element elementor-element-c8c2448 elementor-reverse-tablet elementor-reverse-mobile elementor-section-boxed elementor-section-height-default elementor-section-height-default\" data-id=\"c8c2448\" data-element_type=\"section\" data-e-type=\"section\">\n\t\t\t\t\t\t<div class=\"elementor-container elementor-column-gap-default\">\n\t\t\t\t\t<div class=\"elementor-column elementor-col-100 elementor-top-column elementor-element elementor-element-f5bd23f elementor-invisible\" data-id=\"f5bd23f\" data-element_type=\"column\" data-e-type=\"column\" data-settings=\"{&quot;animation&quot;:&quot;fadeInLeft&quot;}\">\n\t\t\t<div class=\"elementor-widget-wrap elementor-element-populated\">\n\t\t\t\t\t\t<div class=\"elementor-element elementor-element-9a06f74 elementor-widget elementor-widget-heading\" data-id=\"9a06f74\" data-element_type=\"widget\" data-e-type=\"widget\" data-widget_type=\"heading.default\">\n\t\t\t\t<div class=\"elementor-widget-container\">\n\t\t\t\t\t<h2 class=\"elementor-heading-title elementor-size-default\">Les abonn\u00e9s de la carte Acc\u00e8s Montr\u00e9al et les membres de la FADOQ b\u00e9n\u00e9ficient d'une r\u00e9duction de 15 % chez Arion :<\/h2>\t\t\t\t<\/div>\n\t\t\t\t<\/div>\n\t\t\t\t<div class=\"elementor-element elementor-element-27a6289 header-divider elementor-widget__width-initial elementor-widget-divider--view-line elementor-widget elementor-widget-divider\" data-id=\"27a6289\" data-element_type=\"widget\" data-e-type=\"widget\" data-widget_type=\"divider.default\">\n\t\t\t\t<div class=\"elementor-widget-container\">\n\t\t\t\t\t\t\t<div class=\"elementor-divider\">\n\t\t\t<span class=\"elementor-divider-separator\">\n\t\t\t\t\t\t<\/span>\n\t\t<\/div>\n\t\t\t\t\t\t<\/div>\n\t\t\t\t<\/div>\n\t\t\t\t<div class=\"elementor-element elementor-element-e8d100a elementor-widget elementor-widget-spacer\" data-id=\"e8d100a\" data-element_type=\"widget\" data-e-type=\"widget\" data-widget_type=\"spacer.default\">\n\t\t\t\t<div class=\"elementor-widget-container\">\n\t\t\t\t\t\t\t<div class=\"elementor-spacer\">\n\t\t\t<div class=\"elementor-spacer-inner\"><\/div>\n\t\t<\/div>\n\t\t\t\t\t\t<\/div>\n\t\t\t\t<\/div>\n\t\t\t\t<div class=\"elementor-element elementor-element-4ca889c elementor-widget elementor-widget-image-gallery\" data-id=\"4ca889c\" data-element_type=\"widget\" data-e-type=\"widget\" data-widget_type=\"image-gallery.default\">\n\t\t\t\t<div class=\"elementor-widget-container\">\n\t\t\t\t\t\t\t<div class=\"elementor-image-gallery\">\n\t\t\t<div id='gallery-3' class='gallery galleryid-7508 gallery-columns-2 gallery-size-full'><figure class='gallery-item'>\n\t\t\t<div class='gallery-icon portrait'>\n\t\t\t\t<a data-elementor-open-lightbox=\"no\" href='https:\/\/arionbaroque.com\/wp-content\/uploads\/2024\/05\/Screen-Shot-2024-05-16-at-3.03.54-PM.png'><img loading=\"lazy\" decoding=\"async\" width=\"131\" height=\"132\" src=\"https:\/\/arionbaroque.com\/wp-content\/uploads\/2024\/05\/Screen-Shot-2024-05-16-at-3.03.54-PM.png\" class=\"attachment-full size-full\" alt=\"\" \/><\/a>\n\t\t\t<\/div><\/figure><figure class='gallery-item'>\n\t\t\t<div class='gallery-icon landscape'>\n\t\t\t\t<a data-elementor-open-lightbox=\"no\" href='https:\/\/arionbaroque.com\/wp-content\/uploads\/2024\/05\/Screen-Shot-2024-05-16-at-3.03.45-PM.png'><img loading=\"lazy\" decoding=\"async\" width=\"144\" height=\"96\" src=\"https:\/\/arionbaroque.com\/wp-content\/uploads\/2024\/05\/Screen-Shot-2024-05-16-at-3.03.45-PM.png\" class=\"attachment-full size-full\" alt=\"\" \/><\/a>\n\t\t\t<\/div><\/figure>\n\t\t<\/div>\n\t\t<\/div>\n\t\t\t\t\t\t<\/div>\n\t\t\t\t<\/div>\n\t\t\t\t\t<\/div>\n\t\t<\/div>\n\t\t\t\t\t<\/div>\n\t\t<\/section>\n\t\t\t\t<section class=\"elementor-section elementor-top-section elementor-element elementor-element-c3041d4 elementor-section-boxed elementor-section-height-default elementor-section-height-default\" data-id=\"c3041d4\" data-element_type=\"section\" data-e-type=\"section\" data-settings=\"{&quot;background_background&quot;:&quot;classic&quot;,&quot;motion_fx_motion_fx_scrolling&quot;:&quot;yes&quot;,&quot;animation&quot;:&quot;none&quot;,&quot;motion_fx_devices&quot;:[&quot;desktop&quot;,&quot;tablet&quot;,&quot;mobile&quot;]}\">\n\t\t\t\t\t\t\t<div class=\"elementor-background-overlay\"><\/div>\n\t\t\t\t\t\t\t<div class=\"elementor-container elementor-column-gap-default\">\n\t\t\t\t\t<div class=\"elementor-column elementor-col-100 elementor-top-column elementor-element elementor-element-0e07bac\" data-id=\"0e07bac\" data-element_type=\"column\" data-e-type=\"column\">\n\t\t\t<div class=\"elementor-widget-wrap elementor-element-populated\">\n\t\t\t\t\t\t<div class=\"elementor-element elementor-element-3fac5be elementor-widget elementor-widget-heading\" data-id=\"3fac5be\" data-element_type=\"widget\" data-e-type=\"widget\" data-widget_type=\"heading.default\">\n\t\t\t\t<div class=\"elementor-widget-container\">\n\t\t\t\t\t<h2 class=\"elementor-heading-title elementor-size-default\">Devenir partenaire<\/h2>\t\t\t\t<\/div>\n\t\t\t\t<\/div>\n\t\t\t\t<div class=\"elementor-element elementor-element-338a8f8 elementor-widget elementor-widget-heading\" data-id=\"338a8f8\" data-element_type=\"widget\" data-e-type=\"widget\" data-widget_type=\"heading.default\">\n\t\t\t\t<div class=\"elementor-widget-container\">\n\t\t\t\t\t<p class=\"elementor-heading-title elementor-size-default\">Arion Orchestre Baroque est toujours \u00e0 la recherche de partenaires passionn\u00e9s pour enrichir la sc\u00e8ne culturelle montr\u00e9alaise. Contactez-nous d\u00e8s aujourd'hui \u00e0 info@arionbaroque.com pour savoir comment votre organisme peut se joindre \u00e0 nous !<\/p>\t\t\t\t<\/div>\n\t\t\t\t<\/div>\n\t\t\t\t\t<\/div>\n\t\t<\/div>\n\t\t\t\t\t<\/div>\n\t\t<\/section>\n\t\t\t\t<section class=\"elementor-section elementor-top-section elementor-element elementor-element-3051f15 elementor-section-boxed elementor-section-height-default elementor-section-height-default\" data-id=\"3051f15\" data-element_type=\"section\" data-e-type=\"section\">\n\t\t\t\t\t\t<div class=\"elementor-container elementor-column-gap-default\">\n\t\t\t\t\t<div class=\"elementor-column elementor-col-100 elementor-top-column elementor-element elementor-element-83f33d7\" data-id=\"83f33d7\" data-element_type=\"column\" data-e-type=\"column\">\n\t\t\t<div class=\"elementor-widget-wrap elementor-element-populated\">\n\t\t\t\t\t\t<div class=\"elementor-element elementor-element-0b2ab1c elementor-widget elementor-widget-heading\" data-id=\"0b2ab1c\" data-element_type=\"widget\" data-e-type=\"widget\" data-widget_type=\"heading.default\">\n\t\t\t\t<div class=\"elementor-widget-container\">\n\t\t\t\t\t<h2 class=\"elementor-heading-title elementor-size-default\">Termes et conditions<\/h2>\t\t\t\t<\/div>\n\t\t\t\t<\/div>\n\t\t\t\t<div class=\"elementor-element elementor-element-2d3abd5 elementor-widget__width-initial elementor-widget elementor-widget-heading\" data-id=\"2d3abd5\" data-element_type=\"widget\" data-e-type=\"widget\" data-widget_type=\"heading.default\">\n\t\t\t\t<div class=\"elementor-widget-container\">\n\t\t\t\t\t<p class=\"elementor-heading-title elementor-size-default\">Veuillez noter que certaines exceptions \u00e0 ces offres et r\u00e9ductions peuvent s'appliquer selon les politiques individuelles de chaque partenaire d\u2019Arion Orchestre Baroque. Nous vous recommandons de communiquer directement avec le partenaire par t\u00e9l\u00e9phone (ou par courriel) afin d'obtenir plus de d\u00e9tails.<\/p>\t\t\t\t<\/div>\n\t\t\t\t<\/div>\n\t\t\t\t\t<\/div>\n\t\t<\/div>\n\t\t\t\t\t<\/div>\n\t\t<\/section>\n\t\t\t\t<\/div>\n\t\t","protected":false},"excerpt":{"rendered":"<p>Ententes culturelles Nos ententes culturelles abonnement&nbsp;=&nbsp;Avantages exclusifs \u00catre d\u00e9tenteur d&#8217;un abonnement aux concerts d\u2019Arion Orchestre Baroque, c&#8217;est avoir acc\u00e8s \u00e0 bien plus que des repr\u00e9sentations captivantes. En effet, gr\u00e2ce \u00e0 nos pr\u00e9cieux partenariats avec les institutions culturelles de la ville, il est possible de b\u00e9n\u00e9ficier d\u2019offres et de r\u00e9ductions exclusives.<span class=\"more-dots\">&#8230;<\/span> <span class=\"more-tag\"><a class=\"more-link\" href=\"https:\/\/arionbaroque.com\/fr\/ententes-culturelles\/\">Read More<span class=\"screen-reader-text\"> \"Ententes culturelles\"<\/span><\/a><\/span><!-- .more-tag --><\/p>\n","protected":false},"author":2,"featured_media":0,"parent":0,"menu_order":0,"comment_status":"closed","ping_status":"closed","template":"page-templates\/full-width.php","meta":{"_acf_changed":false,"footnotes":""},"class_list":["post-7508","page","type-page","status-publish","hentry"],"acf":[],"_links":{"self":[{"href":"https:\/\/arionbaroque.com\/fr\/wp-json\/wp\/v2\/pages\/7508","targetHints":{"allow":["GET"]}}],"collection":[{"href":"https:\/\/arionbaroque.com\/fr\/wp-json\/wp\/v2\/pages"}],"about":[{"href":"https:\/\/arionbaroque.com\/fr\/wp-json\/wp\/v2\/types\/page"}],"author":[{"embeddable":true,"href":"https:\/\/arionbaroque.com\/fr\/wp-json\/wp\/v2\/users\/2"}],"replies":[{"embeddable":true,"href":"https:\/\/arionbaroque.com\/fr\/wp-json\/wp\/v2\/comments?post=7508"}],"version-history":[{"count":89,"href":"https:\/\/arionbaroque.com\/fr\/wp-json\/wp\/v2\/pages\/7508\/revisions"}],"predecessor-version":[{"id":16001,"href":"https:\/\/arionbaroque.com\/fr\/wp-json\/wp\/v2\/pages\/7508\/revisions\/16001"}],"wp:attachment":[{"href":"https:\/\/arionbaroque.com\/fr\/wp-json\/wp\/v2\/media?parent=7508"}],"curies":[{"name":"wp","href":"https:\/\/api.w.org\/{rel}","templated":true}]}}